{"id":29198,"date":"2020-04-09T10:02:32","date_gmt":"2020-04-09T08:02:32","guid":{"rendered":"https:\/\/nauti-club.ch\/?page_id=29198"},"modified":"2020-04-09T10:44:53","modified_gmt":"2020-04-09T08:44:53","slug":"location-materiel","status":"publish","type":"page","link":"https:\/\/nauti-club.ch\/en\/location-materiel\/","title":{"rendered":"LOCATION MAT\u00c9RIEL"},"content":{"rendered":"<p>[et_pb_section fb_built=\u00a0\u00bb1&Prime; fullwidth=\u00a0\u00bbon\u00a0\u00bb admin_label=\u00a0\u00bbSection\u00a0\u00bb _builder_version=\u00a0\u00bb3.22&Prime; custom_padding=\u00a0\u00bb0px|0px|0px|0px\u00a0\u00bb transparent_background=\u00a0\u00bboff\u00a0\u00bb make_fullwidth=\u00a0\u00bboff\u00a0\u00bb use_custom_width=\u00a0\u00bboff\u00a0\u00bb width_unit=\u00a0\u00bboff\u00a0\u00bb custom_width_px=\u00a0\u00bb1080px\u00a0\u00bb custom_width_percent=\u00a0\u00bb80%\u00a0\u00bb][et_pb_fullwidth_slider admin_label=\u00a0\u00bbCurseur de d\u00e9filement plein \u00e9cran\u00a0\u00bb _builder_version=\u00a0\u00bb4.2&Prime; min_height=\u00a0\u00bb498px\u00a0\u00bb custom_padding=\u00a0\u00bb20px||17px|||\u00a0\u00bb custom_padding_tablet=\u00a0\u00bb|||\u00a0\u00bb custom_padding_phone=\u00a0\u00bb|||\u00a0\u00bb remove_inner_shadow=\u00a0\u00bbon\u00a0\u00bb hide_content_on_mobile=\u00a0\u00bboff\u00a0\u00bb hide_cta_on_mobile=\u00a0\u00bboff\u00a0\u00bb show_inner_shadow=\u00a0\u00bboff\u00a0\u00bb button_letter_spacing_hover=\u00a0\u00bb0&Prime; button_text_size__hover_enabled=\u00a0\u00bboff\u00a0\u00bb button_one_text_size__hover_enabled=\u00a0\u00bboff\u00a0\u00bb button_two_text_size__hover_enabled=\u00a0\u00bboff\u00a0\u00bb button_text_color__hover_enabled=\u00a0\u00bboff\u00a0\u00bb button_one_text_color__hover_enabled=\u00a0\u00bboff\u00a0\u00bb button_two_text_color__hover_enabled=\u00a0\u00bboff\u00a0\u00bb button_border_width__hover_enabled=\u00a0\u00bboff\u00a0\u00bb button_one_border_width__hover_enabled=\u00a0\u00bboff\u00a0\u00bb button_two_border_width__hover_enabled=\u00a0\u00bboff\u00a0\u00bb button_border_color__hover_enabled=\u00a0\u00bboff\u00a0\u00bb button_one_border_color__hover_enabled=\u00a0\u00bboff\u00a0\u00bb button_two_border_color__hover_enabled=\u00a0\u00bboff\u00a0\u00bb button_border_radius__hover_enabled=\u00a0\u00bboff\u00a0\u00bb button_one_border_radius__hover_enabled=\u00a0\u00bboff\u00a0\u00bb button_two_border_radius__hover_enabled=\u00a0\u00bboff\u00a0\u00bb button_letter_spacing__hover_enabled=\u00a0\u00bbon\u00a0\u00bb button_letter_spacing__hover=\u00a0\u00bb0&Prime; button_one_letter_spacing__hover_enabled=\u00a0\u00bboff\u00a0\u00bb button_two_letter_spacing__hover_enabled=\u00a0\u00bboff\u00a0\u00bb button_bg_color__hover_enabled=\u00a0\u00bboff\u00a0\u00bb button_one_bg_color__hover_enabled=\u00a0\u00bboff\u00a0\u00bb button_two_bg_color__hover_enabled=\u00a0\u00bboff\u00a0\u00bb][et_pb_slide heading=\u00a0\u00bbLOCATION MATERIEL NAUTIQUE\u00a0\u00bb use_bg_overlay=\u00a0\u00bbon\u00a0\u00bb bg_overlay_color=\u00a0\u00bbrgba(0,0,0,0.5)\u00a0\u00bb use_text_overlay=\u00a0\u00bboff\u00a0\u00bb _builder_version=\u00a0\u00bb4.2&Prime; header_font=\u00a0\u00bb||||\u00a0\u00bb header_font_size=\u00a0\u00bb85&Prime; body_font=\u00a0\u00bb||||\u00a0\u00bb body_line_height=\u00a0\u00bb1.5em\u00a0\u00bb background_color=\u00a0\u00bb#000000&Prime; use_background_color_gradient=\u00a0\u00bbon\u00a0\u00bb background_color_gradient_start=\u00a0\u00bb#0a3313&Prime; background_color_gradient_end=\u00a0\u00bb#0c71c3&Prime; background_enable_image=\u00a0\u00bboff\u00a0\u00bb custom_button=\u00a0\u00bbon\u00a0\u00bb button_text_size=\u00a0\u00bb16&Prime; button_text_color=\u00a0\u00bb#ffffff\u00a0\u00bb button_border_color=\u00a0\u00bb#ffffff\u00a0\u00bb button_font=\u00a0\u00bb||||\u00a0\u00bb button_use_icon=\u00a0\u00bboff\u00a0\u00bb header_font_size_tablet=\u00a0\u00bb80px\u00a0\u00bb header_font_size_phone=\u00a0\u00bb50px\u00a0\u00bb header_font_size_last_edited=\u00a0\u00bbon|phone\u00a0\u00bb body_font_size_tablet=\u00a0\u00bb\u00a0\u00bb body_font_size_phone=\u00a0\u00bb\u00a0\u00bb body_font_size_last_edited=\u00a0\u00bbon|tablet\u00a0\u00bb button_text_size_tablet=\u00a0\u00bb16&Prime; button_text_size_phone=\u00a0\u00bb16&Prime; button_text_color_hover=\u00a0\u00bb#666666&Prime; button_bg_color_hover=\u00a0\u00bb#ffffff\u00a0\u00bb button_text_size__hover_enabled=\u00a0\u00bboff\u00a0\u00bb button_one_text_size__hover_enabled=\u00a0\u00bboff\u00a0\u00bb button_two_text_size__hover_enabled=\u00a0\u00bboff\u00a0\u00bb button_text_color__hover_enabled=\u00a0\u00bbon\u00a0\u00bb button_text_color__hover=\u00a0\u00bb#666666&Prime; button_one_text_color__hover_enabled=\u00a0\u00bboff\u00a0\u00bb button_two_text_color__hover_enabled=\u00a0\u00bboff\u00a0\u00bb button_border_width__hover_enabled=\u00a0\u00bboff\u00a0\u00bb button_one_border_width__hover_enabled=\u00a0\u00bboff\u00a0\u00bb button_two_border_width__hover_enabled=\u00a0\u00bboff\u00a0\u00bb button_border_color__hover_enabled=\u00a0\u00bboff\u00a0\u00bb button_one_border_color__hover_enabled=\u00a0\u00bboff\u00a0\u00bb button_two_border_color__hover_enabled=\u00a0\u00bboff\u00a0\u00bb button_border_radius__hover_enabled=\u00a0\u00bboff\u00a0\u00bb button_one_border_radius__hover_enabled=\u00a0\u00bboff\u00a0\u00bb button_two_border_radius__hover_enabled=\u00a0\u00bboff\u00a0\u00bb button_letter_spacing__hover_enabled=\u00a0\u00bboff\u00a0\u00bb button_one_letter_spacing__hover_enabled=\u00a0\u00bboff\u00a0\u00bb button_two_letter_spacing__hover_enabled=\u00a0\u00bboff\u00a0\u00bb button_bg_color__hover_enabled=\u00a0\u00bbon\u00a0\u00bb button_bg_color__hover=\u00a0\u00bb#ffffff\u00a0\u00bb button_one_bg_color__hover_enabled=\u00a0\u00bboff\u00a0\u00bb button_two_bg_color__hover_enabled=\u00a0\u00bboff\u00a0\u00bb]<\/p>\n<p>Vous souhaitez louer du mat\u00e9riel nautique pour la journ\u00e9e ?<\/p>\n<p>Retrouvez tout le mat\u00e9riel n\u00e9cessaire aupr\u00e8s de MARINEPRO.<br \/> The shop is based in Ouchy harbour<\/p>\n<p><a href=\"http:\/\/www.marinepro.ch\">www.marinepro.ch<\/a><\/p>\n<p>[\/et_pb_slide][\/et_pb_fullwidth_slider][\/et_pb_section][et_pb_section fb_built=\u00a0\u00bb1&Prime; admin_label=\u00a0\u00bbsection\u00a0\u00bb _builder_version=\u00a0\u00bb3.22&Prime; custom_padding=\u00a0\u00bb0px|0px|0px|0px\u00a0\u00bb transparent_background=\u00a0\u00bboff\u00a0\u00bb make_fullwidth=\u00a0\u00bboff\u00a0\u00bb use_custom_width=\u00a0\u00bboff\u00a0\u00bb width_unit=\u00a0\u00bboff\u00a0\u00bb custom_width_px=\u00a0\u00bb1080px\u00a0\u00bb custom_width_percent=\u00a0\u00bb80%\u00a0\u00bb][et_pb_row column_structure=\u00a0\u00bb1_2,1_2&Prime; use_custom_gutter=\u00a0\u00bbon\u00a0\u00bb gutter_width=\u00a0\u00bb1&Prime; admin_label=\u00a0\u00bbrow\u00a0\u00bb module_class=\u00a0\u00bb et_pb_row_fullwidth\u00a0\u00bb _builder_version=\u00a0\u00bb4.2&Prime; background_size=\u00a0\u00bbinitial\u00a0\u00bb background_position=\u00a0\u00bbtop_left\u00a0\u00bb background_repeat=\u00a0\u00bbrepeat\u00a0\u00bb width=\u00a0\u00bb100%\u00a0\u00bb width_tablet=\u00a0\u00bb100%\u00a0\u00bb width_phone=\u00a0\u00bb\u00a0\u00bb width_last_edited=\u00a0\u00bbon|desktop\u00a0\u00bb max_width=\u00a0\u00bb100%\u00a0\u00bb max_width_tablet=\u00a0\u00bb100%\u00a0\u00bb max_width_phone=\u00a0\u00bb\u00a0\u00bb max_width_last_edited=\u00a0\u00bbon|desktop\u00a0\u00bb custom_padding=\u00a0\u00bb0px|0px|0px|0px\u00a0\u00bb make_fullwidth=\u00a0\u00bbon\u00a0\u00bb use_custom_width=\u00a0\u00bboff\u00a0\u00bb width_unit=\u00a0\u00bboff\u00a0\u00bb custom_width_px=\u00a0\u00bb1080px\u00a0\u00bb custom_width_percent=\u00a0\u00bb80%\u00a0\u00bb][et_pb_column type=\u00a0\u00bb1_2&Prime; _builder_version=\u00a0\u00bb3.25&Prime; custom_padding=\u00a0\u00bb|||\u00a0\u00bb custom_padding__hover=\u00a0\u00bb|||\u00a0\u00bb][et_pb_text _builder_version=\u00a0\u00bb4.2&Prime; text_letter_spacing=\u00a0\u00bb2px\u00a0\u00bb header_text_align=\u00a0\u00bbcenter\u00a0\u00bb header_font_size=\u00a0\u00bb25px\u00a0\u00bb text_orientation=\u00a0\u00bbcenter\u00a0\u00bb min_height=\u00a0\u00bb468px\u00a0\u00bb custom_margin=\u00a0\u00bb||67px|||\u00a0\u00bb custom_padding=\u00a0\u00bb||0px|||\u00a0\u00bb hover_enabled=\u00a0\u00bb0&Prime;]<\/p>\n<h2 style=\"text-align: center;\"><\/h2>\n<h2 style=\"text-align: center;\"><\/h2>\n<h2 style=\"text-align: center;\"><\/h2>\n<h2 style=\"text-align: center;\"><\/h2>\n<h2 style=\"text-align: center;\">LOCATION MAT\u00c9RIEL NAUTIQUE<\/h2>\n<p style=\"text-align: center;\"><span style=\"text-decoration: underline;\"><em><strong>TARIFS A L&rsquo;HEURE OU 1\/2JOURN\u00c9E<\/strong><\/em><\/span><br \/> Bou\u00e9e tract\u00e9e (1h=20.- ou 4h=50.-)<br \/> Wake-Board (1h=25.- ou 4h=60.-)<br \/><em>Renseignements et r\u00e9servations aupr\u00e8s du magasin !<\/em><\/p>\n<p style=\"text-align: center;\"><em><\/em><\/p>\n<p style=\"text-align: center;\"><em><\/em><\/p>\n<p style=\"text-align: center;\"><strong>NEED ANYTHING ELSE ? <\/strong>Le magasin nautique MarinePro dispose de tout ce dont vous aurez besoin. Gilets pour adultes et enfants, casquettes, vestes, chaussures, etc&#8230;<\/p>\n<p style=\"text-align: center;\"><strong>MARINE PRO SARL<br \/> OUCHY HARBOR<\/strong><br \/> CHEMIN DES P\u00caCHEURS 9 &#8211; 1007 LAUSANNE<\/p>\n<p style=\"text-align: center;\">TEL: 021 616 41 81<br \/> EMAIL: <a href=\"mailto:info@marinepro.ch\">info@marinepro.ch<\/a><\/p>\n<p style=\"text-align: center;\">OPENING TIME: <a href=\"https:\/\/www.marinepro.ch\/fr\/content\/9-horaires\" target=\"_blank\" rel=\"noopener noreferrer\">CLICK-HERE (IN FRENCH ONLY)<\/a><\/p>\n<p>[\/et_pb_text][\/et_pb_column][et_pb_column type=\u00a0\u00bb1_2&Prime; _builder_version=\u00a0\u00bb3.25&Prime; custom_padding=\u00a0\u00bb|||\u00a0\u00bb custom_padding__hover=\u00a0\u00bb|||\u00a0\u00bb][et_pb_image src=\u00a0\u00bbhttps:\/\/nauti-club.ch\/wp-content\/uploads\/2020\/04\/Image-marinepro.png\u00a0\u00bb align=\u00a0\u00bbcenter\u00a0\u00bb _builder_version=\u00a0\u00bb4.2&Prime; min_height=\u00a0\u00bb456px\u00a0\u00bb custom_padding=\u00a0\u00bb||17px|||\u00a0\u00bb][\/et_pb_image][\/et_pb_column][\/et_pb_row][\/et_pb_section]<\/p>","protected":false},"excerpt":{"rendered":"<p>Vous souhaitez louer du mat\u00e9riel nautique pour la journ\u00e9e ? Retrouvez tout le mat\u00e9riel n\u00e9cessaire aupr\u00e8s de MARINEPRO. Le magasin se trouve au port d&rsquo;Ouchy. www.marinepro.ch LOCATION MAT\u00c9RIEL NAUTIQUE TARIFS A L&rsquo;HEURE OU 1\/2JOURN\u00c9E Bou\u00e9e tract\u00e9e (1h=20.- ou 4h=50.-) Wake-Board (1h=25.- ou 4h=60.-)Renseignements et r\u00e9servations aupr\u00e8s du magasin ! BESOIN D&rsquo;AUTRE CHOSE ? Le magasin [&hellip;]<\/p>","protected":false},"author":1,"featured_media":0,"parent":0,"menu_order":0,"comment_status":"closed","ping_status":"closed","template":"","meta":{"_et_pb_use_builder":"on","_et_pb_old_content":"","_et_gb_content_width":"","iawp_total_views":437,"footnotes":""},"class_list":["post-29198","page","type-page","status-publish","hentry"],"yoast_head":"<!-- This site is optimized with the Yoast SEO plugin v26.8 - https:\/\/yoast.com\/product\/yoast-seo-wordpress\/ -->\n<title>LOCATION MAT\u00c9RIEL - NAUTI-CLUB<\/title>\n<meta name=\"description\" content=\"Club de partage de bateaux moteur location bateaux moteur lausanne ouchy\" \/>\n<meta name=\"robots\" content=\"index, follow, max-snippet:-1, max-image-preview:large, max-video-preview:-1\" \/>\n<link rel=\"canonical\" href=\"https:\/\/nauti-club.ch\/en\/location-materiel\/\" \/>\n<meta property=\"og:locale\" content=\"en_GB\" \/>\n<meta property=\"og:type\" content=\"article\" \/>\n<meta property=\"og:title\" content=\"LOCATION MAT\u00c9RIEL - NAUTI-CLUB\" \/>\n<meta property=\"og:description\" content=\"Club de partage de bateaux moteur location bateaux moteur lausanne ouchy\" \/>\n<meta property=\"og:url\" content=\"https:\/\/nauti-club.ch\/en\/location-materiel\/\" \/>\n<meta property=\"og:site_name\" content=\"NAUTI-CLUB\" \/>\n<meta property=\"article:modified_time\" content=\"2020-04-09T08:44:53+00:00\" \/>\n<meta name=\"twitter:card\" content=\"summary_large_image\" \/>\n<meta name=\"twitter:label1\" content=\"Estimated reading time\" \/>\n\t<meta name=\"twitter:data1\" content=\"4 minutes\" \/>\n<script type=\"application\/ld+json\" class=\"yoast-schema-graph\">{\"@context\":\"https:\/\/schema.org\",\"@graph\":[{\"@type\":\"WebPage\",\"@id\":\"https:\/\/nauti-club.ch\/location-materiel\/\",\"url\":\"https:\/\/nauti-club.ch\/location-materiel\/\",\"name\":\"LOCATION MAT\u00c9RIEL - NAUTI-CLUB\",\"isPartOf\":{\"@id\":\"https:\/\/nauti-club.ch\/#website\"},\"datePublished\":\"2020-04-09T08:02:32+00:00\",\"dateModified\":\"2020-04-09T08:44:53+00:00\",\"description\":\"Club de partage de bateaux moteur location bateaux moteur lausanne ouchy\",\"breadcrumb\":{\"@id\":\"https:\/\/nauti-club.ch\/location-materiel\/#breadcrumb\"},\"inLanguage\":\"en-GB\",\"potentialAction\":[{\"@type\":\"ReadAction\",\"target\":[\"https:\/\/nauti-club.ch\/location-materiel\/\"]}]},{\"@type\":\"BreadcrumbList\",\"@id\":\"https:\/\/nauti-club.ch\/location-materiel\/#breadcrumb\",\"itemListElement\":[{\"@type\":\"ListItem\",\"position\":1,\"name\":\"Accueil\",\"item\":\"https:\/\/nauti-club.ch\/\"},{\"@type\":\"ListItem\",\"position\":2,\"name\":\"LOCATION MAT\u00c9RIEL\"}]},{\"@type\":\"WebSite\",\"@id\":\"https:\/\/nauti-club.ch\/#website\",\"url\":\"https:\/\/nauti-club.ch\/\",\"name\":\"NAUTI-CLUB\",\"description\":\"PARTAGE DE BATEAUX MOTEUR\",\"publisher\":{\"@id\":\"https:\/\/nauti-club.ch\/#organization\"},\"potentialAction\":[{\"@type\":\"SearchAction\",\"target\":{\"@type\":\"EntryPoint\",\"urlTemplate\":\"https:\/\/nauti-club.ch\/?s={search_term_string}\"},\"query-input\":{\"@type\":\"PropertyValueSpecification\",\"valueRequired\":true,\"valueName\":\"search_term_string\"}}],\"inLanguage\":\"en-GB\"},{\"@type\":\"Organization\",\"@id\":\"https:\/\/nauti-club.ch\/#organization\",\"name\":\"NAUTI-CLUB\",\"url\":\"https:\/\/nauti-club.ch\/\",\"logo\":{\"@type\":\"ImageObject\",\"inLanguage\":\"en-GB\",\"@id\":\"https:\/\/nauti-club.ch\/#\/schema\/logo\/image\/\",\"url\":\"https:\/\/nauti-club.ch\/wp-content\/uploads\/2020\/02\/LOGO-CARRE-NAUTI-CLUB-bis.jpg\",\"contentUrl\":\"https:\/\/nauti-club.ch\/wp-content\/uploads\/2020\/02\/LOGO-CARRE-NAUTI-CLUB-bis.jpg\",\"width\":557,\"height\":553,\"caption\":\"NAUTI-CLUB\"},\"image\":{\"@id\":\"https:\/\/nauti-club.ch\/#\/schema\/logo\/image\/\"}}]}<\/script>\n<!-- \/ Yoast SEO plugin. -->","yoast_head_json":{"title":"LOCATION MAT\u00c9RIEL - NAUTI-CLUB","description":"Club de partage de bateaux moteur location bateaux moteur lausanne ouchy","robots":{"index":"index","follow":"follow","max-snippet":"max-snippet:-1","max-image-preview":"max-image-preview:large","max-video-preview":"max-video-preview:-1"},"canonical":"https:\/\/nauti-club.ch\/en\/location-materiel\/","og_locale":"en_GB","og_type":"article","og_title":"LOCATION MAT\u00c9RIEL - NAUTI-CLUB","og_description":"Club de partage de bateaux moteur location bateaux moteur lausanne ouchy","og_url":"https:\/\/nauti-club.ch\/en\/location-materiel\/","og_site_name":"NAUTI-CLUB","article_modified_time":"2020-04-09T08:44:53+00:00","twitter_card":"summary_large_image","twitter_misc":{"Estimated reading time":"4 minutes"},"schema":{"@context":"https:\/\/schema.org","@graph":[{"@type":"WebPage","@id":"https:\/\/nauti-club.ch\/location-materiel\/","url":"https:\/\/nauti-club.ch\/location-materiel\/","name":"LOCATION MAT\u00c9RIEL - NAUTI-CLUB","isPartOf":{"@id":"https:\/\/nauti-club.ch\/#website"},"datePublished":"2020-04-09T08:02:32+00:00","dateModified":"2020-04-09T08:44:53+00:00","description":"Club de partage de bateaux moteur location bateaux moteur lausanne ouchy","breadcrumb":{"@id":"https:\/\/nauti-club.ch\/location-materiel\/#breadcrumb"},"inLanguage":"en-GB","potentialAction":[{"@type":"ReadAction","target":["https:\/\/nauti-club.ch\/location-materiel\/"]}]},{"@type":"BreadcrumbList","@id":"https:\/\/nauti-club.ch\/location-materiel\/#breadcrumb","itemListElement":[{"@type":"ListItem","position":1,"name":"Accueil","item":"https:\/\/nauti-club.ch\/"},{"@type":"ListItem","position":2,"name":"LOCATION MAT\u00c9RIEL"}]},{"@type":"WebSite","@id":"https:\/\/nauti-club.ch\/#website","url":"https:\/\/nauti-club.ch\/","name":"NAUTI-CLUB","description":"PARTAGE DE BATEAUX MOTEUR","publisher":{"@id":"https:\/\/nauti-club.ch\/#organization"},"potentialAction":[{"@type":"SearchAction","target":{"@type":"EntryPoint","urlTemplate":"https:\/\/nauti-club.ch\/?s={search_term_string}"},"query-input":{"@type":"PropertyValueSpecification","valueRequired":true,"valueName":"search_term_string"}}],"inLanguage":"en-GB"},{"@type":"Organization","@id":"https:\/\/nauti-club.ch\/#organization","name":"NAUTI-CLUB","url":"https:\/\/nauti-club.ch\/","logo":{"@type":"ImageObject","inLanguage":"en-GB","@id":"https:\/\/nauti-club.ch\/#\/schema\/logo\/image\/","url":"https:\/\/nauti-club.ch\/wp-content\/uploads\/2020\/02\/LOGO-CARRE-NAUTI-CLUB-bis.jpg","contentUrl":"https:\/\/nauti-club.ch\/wp-content\/uploads\/2020\/02\/LOGO-CARRE-NAUTI-CLUB-bis.jpg","width":557,"height":553,"caption":"NAUTI-CLUB"},"image":{"@id":"https:\/\/nauti-club.ch\/#\/schema\/logo\/image\/"}}]}},"_links":{"self":[{"href":"https:\/\/nauti-club.ch\/en\/wp-json\/wp\/v2\/pages\/29198","targetHints":{"allow":["GET"]}}],"collection":[{"href":"https:\/\/nauti-club.ch\/en\/wp-json\/wp\/v2\/pages"}],"about":[{"href":"https:\/\/nauti-club.ch\/en\/wp-json\/wp\/v2\/types\/page"}],"author":[{"embeddable":true,"href":"https:\/\/nauti-club.ch\/en\/wp-json\/wp\/v2\/users\/1"}],"replies":[{"embeddable":true,"href":"https:\/\/nauti-club.ch\/en\/wp-json\/wp\/v2\/comments?post=29198"}],"version-history":[{"count":10,"href":"https:\/\/nauti-club.ch\/en\/wp-json\/wp\/v2\/pages\/29198\/revisions"}],"predecessor-version":[{"id":29217,"href":"https:\/\/nauti-club.ch\/en\/wp-json\/wp\/v2\/pages\/29198\/revisions\/29217"}],"wp:attachment":[{"href":"https:\/\/nauti-club.ch\/en\/wp-json\/wp\/v2\/media?parent=29198"}],"curies":[{"name":"wp","href":"https:\/\/api.w.org\/{rel}","templated":true}]}}