{"id":29329,"date":"2020-09-07T10:18:49","date_gmt":"2020-09-07T08:18:49","guid":{"rendered":"https:\/\/nauti-club.ch\/?page_id=29329"},"modified":"2024-04-22T10:34:21","modified_gmt":"2024-04-22T08:34:21","slug":"faq","status":"publish","type":"page","link":"https:\/\/nauti-club.ch\/en\/faq\/","title":{"rendered":"FAQ"},"content":{"rendered":"<p>[et_pb_section fb_built=\u00a0\u00bb1&Prime; fullwidth=\u00a0\u00bbon\u00a0\u00bb admin_label=\u00a0\u00bbSection\u00a0\u00bb _builder_version=\u00a0\u00bb3.22&Prime; custom_padding=\u00a0\u00bb0px|0px|0px|0px\u00a0\u00bb transparent_background=\u00a0\u00bboff\u00a0\u00bb make_fullwidth=\u00a0\u00bboff\u00a0\u00bb use_custom_width=\u00a0\u00bboff\u00a0\u00bb width_unit=\u00a0\u00bboff\u00a0\u00bb custom_width_px=\u00a0\u00bb1080px\u00a0\u00bb custom_width_percent=\u00a0\u00bb80%\u00a0\u00bb global_colors_info=\u00a0\u00bb{}\u00a0\u00bb][et_pb_fullwidth_slider admin_label=\u00a0\u00bbCurseur de d\u00e9filement plein \u00e9cran\u00a0\u00bb _builder_version=\u00a0\u00bb4.11.3&Prime; min_height=\u00a0\u00bb498px\u00a0\u00bb custom_padding=\u00a0\u00bb20px||17px|||\u00a0\u00bb custom_padding_tablet=\u00a0\u00bb|||\u00a0\u00bb custom_padding_phone=\u00a0\u00bb|||\u00a0\u00bb hover_enabled=\u00a0\u00bb0&Prime; remove_inner_shadow=\u00a0\u00bbon\u00a0\u00bb hide_content_on_mobile=\u00a0\u00bboff\u00a0\u00bb hide_cta_on_mobile=\u00a0\u00bboff\u00a0\u00bb show_inner_shadow=\u00a0\u00bboff\u00a0\u00bb button_letter_spacing_hover=\u00a0\u00bb0&Prime; global_colors_info=\u00a0\u00bb{}\u00a0\u00bb button_text_size__hover_enabled=\u00a0\u00bboff\u00a0\u00bb button_one_text_size__hover_enabled=\u00a0\u00bboff\u00a0\u00bb button_two_text_size__hover_enabled=\u00a0\u00bboff\u00a0\u00bb button_text_color__hover_enabled=\u00a0\u00bboff\u00a0\u00bb button_one_text_color__hover_enabled=\u00a0\u00bboff\u00a0\u00bb button_two_text_color__hover_enabled=\u00a0\u00bboff\u00a0\u00bb button_border_width__hover_enabled=\u00a0\u00bboff\u00a0\u00bb button_one_border_width__hover_enabled=\u00a0\u00bboff\u00a0\u00bb button_two_border_width__hover_enabled=\u00a0\u00bboff\u00a0\u00bb button_border_color__hover_enabled=\u00a0\u00bboff\u00a0\u00bb button_one_border_color__hover_enabled=\u00a0\u00bboff\u00a0\u00bb button_two_border_color__hover_enabled=\u00a0\u00bboff\u00a0\u00bb button_border_radius__hover_enabled=\u00a0\u00bboff\u00a0\u00bb button_one_border_radius__hover_enabled=\u00a0\u00bboff\u00a0\u00bb button_two_border_radius__hover_enabled=\u00a0\u00bboff\u00a0\u00bb button_letter_spacing__hover_enabled=\u00a0\u00bbon\u00a0\u00bb button_letter_spacing__hover=\u00a0\u00bb0&Prime; button_one_letter_spacing__hover_enabled=\u00a0\u00bboff\u00a0\u00bb button_two_letter_spacing__hover_enabled=\u00a0\u00bboff\u00a0\u00bb button_bg_color__hover_enabled=\u00a0\u00bboff\u00a0\u00bb button_one_bg_color__hover_enabled=\u00a0\u00bboff\u00a0\u00bb button_two_bg_color__hover_enabled=\u00a0\u00bboff\u00a0\u00bb sticky_enabled=\u00a0\u00bb0&Prime;][et_pb_slide heading=\u00a0\u00bbQUESTIONS FREQUENTES\u00a0\u00bb use_bg_overlay=\u00a0\u00bbon\u00a0\u00bb bg_overlay_color=\u00a0\u00bbrgba(0,0,0,0.5)\u00a0\u00bb use_text_overlay=\u00a0\u00bboff\u00a0\u00bb _builder_version=\u00a0\u00bb4.11.3&Prime; header_font=\u00a0\u00bb||||\u00a0\u00bb header_font_size=\u00a0\u00bb85&Prime; body_font=\u00a0\u00bb||||\u00a0\u00bb body_line_height=\u00a0\u00bb1.5em\u00a0\u00bb background_color=\u00a0\u00bb#000000&Prime; use_background_color_gradient=\u00a0\u00bbon\u00a0\u00bb background_color_gradient_start=\u00a0\u00bb#0a3313&Prime; background_color_gradient_end=\u00a0\u00bb#0c71c3&Prime; background_enable_image=\u00a0\u00bboff\u00a0\u00bb custom_button=\u00a0\u00bbon\u00a0\u00bb button_text_size=\u00a0\u00bb16&Prime; button_text_color=\u00a0\u00bb#ffffff\u00a0\u00bb button_border_color=\u00a0\u00bb#ffffff\u00a0\u00bb button_font=\u00a0\u00bb||||\u00a0\u00bb button_use_icon=\u00a0\u00bboff\u00a0\u00bb hover_enabled=\u00a0\u00bb0&Prime; header_font_size_tablet=\u00a0\u00bb80px\u00a0\u00bb header_font_size_phone=\u00a0\u00bb50px\u00a0\u00bb header_font_size_last_edited=\u00a0\u00bbon|phone\u00a0\u00bb body_font_size_tablet=\u00a0\u00bb\u00a0\u00bb body_font_size_phone=\u00a0\u00bb\u00a0\u00bb body_font_size_last_edited=\u00a0\u00bbon|tablet\u00a0\u00bb button_text_size_tablet=\u00a0\u00bb16&Prime; button_text_size_phone=\u00a0\u00bb16&Prime; button_text_color_hover=\u00a0\u00bb#666666&Prime; button_bg_color_hover=\u00a0\u00bb#ffffff\u00a0\u00bb global_colors_info=\u00a0\u00bb{}\u00a0\u00bb button_text_size__hover_enabled=\u00a0\u00bboff\u00a0\u00bb button_one_text_size__hover_enabled=\u00a0\u00bboff\u00a0\u00bb button_two_text_size__hover_enabled=\u00a0\u00bboff\u00a0\u00bb button_text_color__hover_enabled=\u00a0\u00bbon\u00a0\u00bb button_text_color__hover=\u00a0\u00bb#666666&Prime; button_one_text_color__hover_enabled=\u00a0\u00bboff\u00a0\u00bb button_two_text_color__hover_enabled=\u00a0\u00bboff\u00a0\u00bb button_border_width__hover_enabled=\u00a0\u00bboff\u00a0\u00bb button_one_border_width__hover_enabled=\u00a0\u00bboff\u00a0\u00bb button_two_border_width__hover_enabled=\u00a0\u00bboff\u00a0\u00bb button_border_color__hover_enabled=\u00a0\u00bboff\u00a0\u00bb button_one_border_color__hover_enabled=\u00a0\u00bboff\u00a0\u00bb button_two_border_color__hover_enabled=\u00a0\u00bboff\u00a0\u00bb button_border_radius__hover_enabled=\u00a0\u00bboff\u00a0\u00bb button_one_border_radius__hover_enabled=\u00a0\u00bboff\u00a0\u00bb button_two_border_radius__hover_enabled=\u00a0\u00bboff\u00a0\u00bb button_letter_spacing__hover_enabled=\u00a0\u00bboff\u00a0\u00bb button_one_letter_spacing__hover_enabled=\u00a0\u00bboff\u00a0\u00bb button_two_letter_spacing__hover_enabled=\u00a0\u00bboff\u00a0\u00bb button_bg_color__hover_enabled=\u00a0\u00bbon\u00a0\u00bb button_bg_color__hover=\u00a0\u00bb#ffffff\u00a0\u00bb button_one_bg_color__hover_enabled=\u00a0\u00bboff\u00a0\u00bb button_two_bg_color__hover_enabled=\u00a0\u00bboff\u00a0\u00bb sticky_transition=\u00a0\u00bbon\u00a0\u00bb sticky_enabled=\u00a0\u00bb0&Prime;]<\/p>\n<p>&nbsp;<\/p>\n<p style=\"text-align: left;\"><strong><span style=\"text-decoration: underline;\">WHAT IS NAUTI-CLUB ?<\/span><\/strong><\/p>\n<p style=\"text-align: left;\">Nauti-Club est une association \u00e0 but non-lucratif fond\u00e9e par 3 passionn\u00e9s du lac. Notre objectif est de rendre accessible les loisirs nautiques en mettant \u00e0 disposition des bateaux \u00e0 des utilisateurs. Nous ne faisons pas de la \u00a0\u00bblocation\u00a0\u00bb, nous faisons du boat-sharing (partage de bateau).<\/p>\n<p style=\"text-align: left;\"><strong><span style=\"text-decoration: underline;\">BOAT-SHARING, WHAT IS THE DIFFERENCE?<\/span><\/strong><\/p>\n<p style=\"text-align: left;\">Comme son nom l&rsquo;indique, le boat-sharing est avant tout un syst\u00e8me de partage.<\/p>\n<p style=\"text-align: left;\">Par cons\u00e9quent, <strong>we limit the number of users<\/strong> par bateau par rapport au nombre de jour de week-end disponibles ou restants durant la saison. Avec une moyenne de 63 jours de week-end et jours f\u00e9ri\u00e9s disponibles durant la saison, chaque bateau peut donc accueillir par exemple un maximum de 8 utilisateurs avec chacun 7 jours de week-end, soit 56 jours ce qui permet une certaine marge de manoeuvre.<\/p>\n<p style=\"text-align: left;\">Avec le boat-sharing, nous partageons les plaisirs et les joies de l&rsquo;utilisation d&rsquo;un bateau, et nous devons \u00e9galement partager les peines notamment, et par exemple, lorsque le bateau est immobilis\u00e9 pour cause de r\u00e9paration ou avarie.<\/p>\n<p style=\"text-align: left;\"><span style=\"text-decoration: underline;\"><strong>TOUS LES BATEAUX SONT SOUVENT OCCUP\u00c9S ?<br \/><\/strong><\/span><\/p>\n<p style=\"text-align: left;\">Non. C&rsquo;est pour cela que Nauti-Club dispose de plusieurs bateaux. Il est rare que tous les bateaux soient occup\u00e9s le m\u00eame jour aux m\u00eames heures.<\/p>\n<p style=\"text-align: left;\"><span style=\"text-decoration: underline;\"><strong>CAN I TAKE THE BOAT ALL DAY?<br \/><\/strong><\/span><\/p>\n<p style=\"text-align: left;\">Oui, nous ne faisons pas de la location, nous faisons du boat-sharing. Vous \u00eates libre d&rsquo;utiliser le bateau \u00e0 votre guise de 9h jusqu&rsquo;au coucher du soleil. Cela dit, n&rsquo;oublier de penser aux autres utilisateurs, si vous savez que vous n&rsquo;allez pas l&rsquo;utiliser la journ\u00e9e, merci de r\u00e9server la p\u00e9riode n\u00e9cessaire afin que quelque&rsquo;un d&rsquo;autre puisse sortir apr\u00e8s vous. Nous faisons appel \u00e0 votre bon sens.<\/p>\n<p style=\"text-align: left;\"><span style=\"text-decoration: underline;\"><strong>BY SUBSCRIBE TO NAUTI-CLUB, AM I A MEMBER OF THE ASSOCIATION?<br \/><\/strong><\/span><\/p>\n<p style=\"text-align: left;\">Non, chaque personne qui souscrit devient utilisateur. Ce statut ne donne pas le droit de vote \u00e0 l&rsquo;assembl\u00e9e. Cependant, nous invitons chaque utilisateur \u00e0 nous soumettre leurs id\u00e9es pour am\u00e9liorer notre concept en partageant leurs id\u00e9es.<\/p>\n<p style=\"text-align: left;\"><span style=\"text-decoration: underline;\"><strong>J&rsquo;AI CONSOMME TOUT MON PAF&#8230;QUE FAIRE ?<br \/><\/strong><\/span><\/p>\n<p style=\"text-align: left;\">Si votre PAF est enti\u00e8rement consomm\u00e9 vous pouvez souscrire \u00e0 1 sortie suppl\u00e9mentaire \u00e0 moindre co\u00fbt ou faire un upgrade de votre pack sous r\u00e9serve de places disponibles.<\/p>\n<p style=\"text-align: left;\"><span style=\"text-decoration: underline;\"><strong>NOTRE CONSEIL M\u00c9T\u00c9O\/R\u00c9SERVATION:<\/strong><\/span><\/p>\n<p style=\"text-align: left;\">Il arrive souvent, voire tr\u00e8s souvent, que malgr\u00e9s un ou deux nuages pr\u00e9sents sur les applications m\u00e9t\u00e9o, les journ\u00e9es restent ensoleill\u00e9es avec des temp\u00e9ratures tr\u00e8s agr\u00e9ables. <strong>Our advice :<\/strong> : ne freinez pas votre envie de sortir \u00e0 cause d&rsquo;un simple nuage pr\u00e9sent sur votre application m\u00e9t\u00e9o \u2013 vous raterez de belles journ\u00e9es \ud83d\ude0a<\/p>\n<p style=\"text-align: left;\"><span style=\"text-decoration: underline;\"><strong>OUR ADVICE ON USAGE:<\/strong><\/span><\/p>\n<p style=\"text-align: left;\">J&rsquo;ai cass\u00e9 le pare-brise que dois-je faire ?<br \/>1. V\u00e9rifiez qu&rsquo;il n&rsquo;y ait pas de bless\u00e9s, si oui pr\u00e9venir le secours.<br \/>2. Pr\u00e9venez Nauti-Club, n&rsquo;ayez pas peur, ce n&rsquo;est pas grave, cela arrive \u00e0 tout le monde ! De plus, nous avons des assurances caso-compl\u00e8tes pour ce genre de sinistre.<\/p>\n<p style=\"text-align: left;\">Pensez \u00e0 votre s\u00e9curit\u00e9 et celle des autres utilisateurs\/trices. La mise \u00e0 disposition de bateaux s\u00fbrs est une de nos priorit\u00e9s. Nous comptons sur vous pour nous faire part du moindre probl\u00e8me sur les bateaux. Nous vous rappelons que ce sont VOS BATEAUX que VOUS utilisez. On compte sur vous \ud83d\ude0a<\/p>\n<p>[\/et_pb_slide][\/et_pb_fullwidth_slider][\/et_pb_section][et_pb_section fb_built=\u00a0\u00bb1&Prime; admin_label=\u00a0\u00bbsection\u00a0\u00bb _builder_version=\u00a0\u00bb3.22&Prime; custom_padding=\u00a0\u00bb0px|0px|0px|0px\u00a0\u00bb transparent_background=\u00a0\u00bboff\u00a0\u00bb make_fullwidth=\u00a0\u00bboff\u00a0\u00bb use_custom_width=\u00a0\u00bboff\u00a0\u00bb width_unit=\u00a0\u00bboff\u00a0\u00bb custom_width_px=\u00a0\u00bb1080px\u00a0\u00bb custom_width_percent=\u00a0\u00bb80%\u00a0\u00bb global_colors_info=\u00a0\u00bb{}\u00a0\u00bb][\/et_pb_section]<\/p>","protected":false},"excerpt":{"rendered":"<p>&nbsp; QU&rsquo;EST-CE QUE NAUTI-CLUB ? Nauti-Club est une association \u00e0 but non-lucratif fond\u00e9e par 3 passionn\u00e9s du lac. Notre objectif est de rendre accessible les loisirs nautiques en mettant \u00e0 disposition des bateaux \u00e0 des utilisateurs. Nous ne faisons pas de la \u00a0\u00bblocation\u00a0\u00bb, nous faisons du boat-sharing (partage de bateau). BOAT-SHARING, QUELLE EST LA DIFFERENCE [&hellip;]<\/p>","protected":false},"author":1,"featured_media":0,"parent":0,"menu_order":0,"comment_status":"closed","ping_status":"closed","template":"","meta":{"_et_pb_use_builder":"on","_et_pb_old_content":"","_et_gb_content_width":"","iawp_total_views":411,"footnotes":""},"class_list":["post-29329","page","type-page","status-publish","hentry"],"yoast_head":"<!-- This site is optimized with the Yoast SEO plugin v26.8 - https:\/\/yoast.com\/product\/yoast-seo-wordpress\/ -->\n<title>FAQ - NAUTI-CLUB<\/title>\n<meta name=\"description\" content=\"Club de partage de bateaux moteur location bateaux moteur lausanne ouchy\" \/>\n<meta name=\"robots\" content=\"index, follow, max-snippet:-1, max-image-preview:large, max-video-preview:-1\" \/>\n<link rel=\"canonical\" href=\"https:\/\/nauti-club.ch\/en\/faq\/\" \/>\n<meta property=\"og:locale\" content=\"en_GB\" \/>\n<meta property=\"og:type\" content=\"article\" \/>\n<meta property=\"og:title\" content=\"FAQ - NAUTI-CLUB\" \/>\n<meta property=\"og:description\" content=\"Club de partage de bateaux moteur location bateaux moteur lausanne ouchy\" \/>\n<meta property=\"og:url\" content=\"https:\/\/nauti-club.ch\/en\/faq\/\" \/>\n<meta property=\"og:site_name\" content=\"NAUTI-CLUB\" \/>\n<meta property=\"article:modified_time\" content=\"2024-04-22T08:34:21+00:00\" \/>\n<meta name=\"twitter:card\" content=\"summary_large_image\" \/>\n<meta name=\"twitter:label1\" content=\"Estimated reading time\" \/>\n\t<meta name=\"twitter:data1\" content=\"6 minutes\" \/>\n<script type=\"application\/ld+json\" class=\"yoast-schema-graph\">{\"@context\":\"https:\/\/schema.org\",\"@graph\":[{\"@type\":\"WebPage\",\"@id\":\"https:\/\/nauti-club.ch\/faq\/\",\"url\":\"https:\/\/nauti-club.ch\/faq\/\",\"name\":\"FAQ - NAUTI-CLUB\",\"isPartOf\":{\"@id\":\"https:\/\/nauti-club.ch\/#website\"},\"datePublished\":\"2020-09-07T08:18:49+00:00\",\"dateModified\":\"2024-04-22T08:34:21+00:00\",\"description\":\"Club de partage de bateaux moteur location bateaux moteur lausanne ouchy\",\"breadcrumb\":{\"@id\":\"https:\/\/nauti-club.ch\/faq\/#breadcrumb\"},\"inLanguage\":\"en-GB\",\"potentialAction\":[{\"@type\":\"ReadAction\",\"target\":[\"https:\/\/nauti-club.ch\/faq\/\"]}]},{\"@type\":\"BreadcrumbList\",\"@id\":\"https:\/\/nauti-club.ch\/faq\/#breadcrumb\",\"itemListElement\":[{\"@type\":\"ListItem\",\"position\":1,\"name\":\"Accueil\",\"item\":\"https:\/\/nauti-club.ch\/\"},{\"@type\":\"ListItem\",\"position\":2,\"name\":\"FAQ\"}]},{\"@type\":\"WebSite\",\"@id\":\"https:\/\/nauti-club.ch\/#website\",\"url\":\"https:\/\/nauti-club.ch\/\",\"name\":\"NAUTI-CLUB\",\"description\":\"PARTAGE DE BATEAUX MOTEUR\",\"publisher\":{\"@id\":\"https:\/\/nauti-club.ch\/#organization\"},\"potentialAction\":[{\"@type\":\"SearchAction\",\"target\":{\"@type\":\"EntryPoint\",\"urlTemplate\":\"https:\/\/nauti-club.ch\/?s={search_term_string}\"},\"query-input\":{\"@type\":\"PropertyValueSpecification\",\"valueRequired\":true,\"valueName\":\"search_term_string\"}}],\"inLanguage\":\"en-GB\"},{\"@type\":\"Organization\",\"@id\":\"https:\/\/nauti-club.ch\/#organization\",\"name\":\"NAUTI-CLUB\",\"url\":\"https:\/\/nauti-club.ch\/\",\"logo\":{\"@type\":\"ImageObject\",\"inLanguage\":\"en-GB\",\"@id\":\"https:\/\/nauti-club.ch\/#\/schema\/logo\/image\/\",\"url\":\"https:\/\/nauti-club.ch\/wp-content\/uploads\/2020\/02\/LOGO-CARRE-NAUTI-CLUB-bis.jpg\",\"contentUrl\":\"https:\/\/nauti-club.ch\/wp-content\/uploads\/2020\/02\/LOGO-CARRE-NAUTI-CLUB-bis.jpg\",\"width\":557,\"height\":553,\"caption\":\"NAUTI-CLUB\"},\"image\":{\"@id\":\"https:\/\/nauti-club.ch\/#\/schema\/logo\/image\/\"}}]}<\/script>\n<!-- \/ Yoast SEO plugin. -->","yoast_head_json":{"title":"FAQ - NAUTI-CLUB","description":"Club de partage de bateaux moteur location bateaux moteur lausanne ouchy","robots":{"index":"index","follow":"follow","max-snippet":"max-snippet:-1","max-image-preview":"max-image-preview:large","max-video-preview":"max-video-preview:-1"},"canonical":"https:\/\/nauti-club.ch\/en\/faq\/","og_locale":"en_GB","og_type":"article","og_title":"FAQ - NAUTI-CLUB","og_description":"Club de partage de bateaux moteur location bateaux moteur lausanne ouchy","og_url":"https:\/\/nauti-club.ch\/en\/faq\/","og_site_name":"NAUTI-CLUB","article_modified_time":"2024-04-22T08:34:21+00:00","twitter_card":"summary_large_image","twitter_misc":{"Estimated reading time":"6 minutes"},"schema":{"@context":"https:\/\/schema.org","@graph":[{"@type":"WebPage","@id":"https:\/\/nauti-club.ch\/faq\/","url":"https:\/\/nauti-club.ch\/faq\/","name":"FAQ - NAUTI-CLUB","isPartOf":{"@id":"https:\/\/nauti-club.ch\/#website"},"datePublished":"2020-09-07T08:18:49+00:00","dateModified":"2024-04-22T08:34:21+00:00","description":"Club de partage de bateaux moteur location bateaux moteur lausanne ouchy","breadcrumb":{"@id":"https:\/\/nauti-club.ch\/faq\/#breadcrumb"},"inLanguage":"en-GB","potentialAction":[{"@type":"ReadAction","target":["https:\/\/nauti-club.ch\/faq\/"]}]},{"@type":"BreadcrumbList","@id":"https:\/\/nauti-club.ch\/faq\/#breadcrumb","itemListElement":[{"@type":"ListItem","position":1,"name":"Accueil","item":"https:\/\/nauti-club.ch\/"},{"@type":"ListItem","position":2,"name":"FAQ"}]},{"@type":"WebSite","@id":"https:\/\/nauti-club.ch\/#website","url":"https:\/\/nauti-club.ch\/","name":"NAUTI-CLUB","description":"PARTAGE DE BATEAUX MOTEUR","publisher":{"@id":"https:\/\/nauti-club.ch\/#organization"},"potentialAction":[{"@type":"SearchAction","target":{"@type":"EntryPoint","urlTemplate":"https:\/\/nauti-club.ch\/?s={search_term_string}"},"query-input":{"@type":"PropertyValueSpecification","valueRequired":true,"valueName":"search_term_string"}}],"inLanguage":"en-GB"},{"@type":"Organization","@id":"https:\/\/nauti-club.ch\/#organization","name":"NAUTI-CLUB","url":"https:\/\/nauti-club.ch\/","logo":{"@type":"ImageObject","inLanguage":"en-GB","@id":"https:\/\/nauti-club.ch\/#\/schema\/logo\/image\/","url":"https:\/\/nauti-club.ch\/wp-content\/uploads\/2020\/02\/LOGO-CARRE-NAUTI-CLUB-bis.jpg","contentUrl":"https:\/\/nauti-club.ch\/wp-content\/uploads\/2020\/02\/LOGO-CARRE-NAUTI-CLUB-bis.jpg","width":557,"height":553,"caption":"NAUTI-CLUB"},"image":{"@id":"https:\/\/nauti-club.ch\/#\/schema\/logo\/image\/"}}]}},"_links":{"self":[{"href":"https:\/\/nauti-club.ch\/en\/wp-json\/wp\/v2\/pages\/29329","targetHints":{"allow":["GET"]}}],"collection":[{"href":"https:\/\/nauti-club.ch\/en\/wp-json\/wp\/v2\/pages"}],"about":[{"href":"https:\/\/nauti-club.ch\/en\/wp-json\/wp\/v2\/types\/page"}],"author":[{"embeddable":true,"href":"https:\/\/nauti-club.ch\/en\/wp-json\/wp\/v2\/users\/1"}],"replies":[{"embeddable":true,"href":"https:\/\/nauti-club.ch\/en\/wp-json\/wp\/v2\/comments?post=29329"}],"version-history":[{"count":20,"href":"https:\/\/nauti-club.ch\/en\/wp-json\/wp\/v2\/pages\/29329\/revisions"}],"predecessor-version":[{"id":30261,"href":"https:\/\/nauti-club.ch\/en\/wp-json\/wp\/v2\/pages\/29329\/revisions\/30261"}],"wp:attachment":[{"href":"https:\/\/nauti-club.ch\/en\/wp-json\/wp\/v2\/media?parent=29329"}],"curies":[{"name":"wp","href":"https:\/\/api.w.org\/{rel}","templated":true}]}}