{"id":29569,"date":"2020-12-13T09:37:20","date_gmt":"2020-12-13T08:37:20","guid":{"rendered":"https:\/\/nauti-club.ch\/?page_id=29569"},"modified":"2026-01-29T09:33:27","modified_gmt":"2026-01-29T08:33:27","slug":"tarifs","status":"publish","type":"page","link":"https:\/\/nauti-club.ch\/en\/tarifs\/","title":{"rendered":"PRICING"},"content":{"rendered":"<p>[et_pb_section fb_built=\u00a0\u00bb1&Prime; fullwidth=\u00a0\u00bbon\u00a0\u00bb admin_label=\u00a0\u00bbSection\u00a0\u00bb _builder_version=\u00a0\u00bb4.7.7&Prime; background_enable_image=\u00a0\u00bboff\u00a0\u00bb custom_padding=\u00a0\u00bb0px|0px|0px|0px\u00a0\u00bb transparent_background=\u00a0\u00bboff\u00a0\u00bb make_fullwidth=\u00a0\u00bboff\u00a0\u00bb use_custom_width=\u00a0\u00bboff\u00a0\u00bb width_unit=\u00a0\u00bboff\u00a0\u00bb custom_width_px=\u00a0\u00bb1080px\u00a0\u00bb custom_width_percent=\u00a0\u00bb80%\u00a0\u00bb global_colors_info=\u00a0\u00bb{}\u00a0\u00bb][et_pb_fullwidth_slider admin_label=\u00a0\u00bbCurseur de d\u00e9filement plein \u00e9cran\u00a0\u00bb _builder_version=\u00a0\u00bb4.11.3&Prime; background_enable_image=\u00a0\u00bboff\u00a0\u00bb custom_padding=\u00a0\u00bb54px||12px|||\u00a0\u00bb custom_padding_tablet=\u00a0\u00bb|||\u00a0\u00bb custom_padding_phone=\u00a0\u00bb|||\u00a0\u00bb remove_inner_shadow=\u00a0\u00bbon\u00a0\u00bb hide_content_on_mobile=\u00a0\u00bboff\u00a0\u00bb hide_cta_on_mobile=\u00a0\u00bboff\u00a0\u00bb show_inner_shadow=\u00a0\u00bboff\u00a0\u00bb button_letter_spacing_hover=\u00a0\u00bb0&Prime; global_colors_info=\u00a0\u00bb{}\u00a0\u00bb button_text_size__hover_enabled=\u00a0\u00bboff\u00a0\u00bb button_one_text_size__hover_enabled=\u00a0\u00bboff\u00a0\u00bb button_two_text_size__hover_enabled=\u00a0\u00bboff\u00a0\u00bb button_text_color__hover_enabled=\u00a0\u00bboff\u00a0\u00bb button_one_text_color__hover_enabled=\u00a0\u00bboff\u00a0\u00bb button_two_text_color__hover_enabled=\u00a0\u00bboff\u00a0\u00bb button_border_width__hover_enabled=\u00a0\u00bboff\u00a0\u00bb button_one_border_width__hover_enabled=\u00a0\u00bboff\u00a0\u00bb button_two_border_width__hover_enabled=\u00a0\u00bboff\u00a0\u00bb button_border_color__hover_enabled=\u00a0\u00bboff\u00a0\u00bb button_one_border_color__hover_enabled=\u00a0\u00bboff\u00a0\u00bb button_two_border_color__hover_enabled=\u00a0\u00bboff\u00a0\u00bb button_border_radius__hover_enabled=\u00a0\u00bboff\u00a0\u00bb button_one_border_radius__hover_enabled=\u00a0\u00bboff\u00a0\u00bb button_two_border_radius__hover_enabled=\u00a0\u00bboff\u00a0\u00bb button_letter_spacing__hover_enabled=\u00a0\u00bbon\u00a0\u00bb button_letter_spacing__hover=\u00a0\u00bb0&Prime; button_one_letter_spacing__hover_enabled=\u00a0\u00bboff\u00a0\u00bb button_two_letter_spacing__hover_enabled=\u00a0\u00bboff\u00a0\u00bb button_bg_color__hover_enabled=\u00a0\u00bboff\u00a0\u00bb button_one_bg_color__hover_enabled=\u00a0\u00bboff\u00a0\u00bb button_two_bg_color__hover_enabled=\u00a0\u00bboff\u00a0\u00bb][et_pb_slide heading=\u00a0\u00bbTARIFS\u00a0\u00bb use_bg_overlay=\u00a0\u00bbon\u00a0\u00bb bg_overlay_color=\u00a0\u00bbrgba(0,0,0,0.5)\u00a0\u00bb use_text_overlay=\u00a0\u00bboff\u00a0\u00bb _builder_version=\u00a0\u00bb4.11.3&Prime; header_font=\u00a0\u00bb||||\u00a0\u00bb header_font_size=\u00a0\u00bb85&Prime; body_font=\u00a0\u00bb||||\u00a0\u00bb body_line_height=\u00a0\u00bb1.5em\u00a0\u00bb background_color=\u00a0\u00bb#000000&Prime; use_background_color_gradient=\u00a0\u00bbon\u00a0\u00bb background_color_gradient_start=\u00a0\u00bb#000000&Prime; background_color_gradient_end=\u00a0\u00bb#0c71c3&Prime; background_image=\u00a0\u00bbhttps:\/\/nauti-club.ch\/wp-content\/uploads\/2021\/01\/runningboat.jpg\u00a0\u00bb background_enable_image=\u00a0\u00bbon\u00a0\u00bb custom_button=\u00a0\u00bbon\u00a0\u00bb button_text_size=\u00a0\u00bb16&Prime; button_text_color=\u00a0\u00bb#ffffff\u00a0\u00bb button_border_color=\u00a0\u00bb#ffffff\u00a0\u00bb button_font=\u00a0\u00bb||||\u00a0\u00bb button_use_icon=\u00a0\u00bboff\u00a0\u00bb header_font_size_tablet=\u00a0\u00bb80px\u00a0\u00bb header_font_size_phone=\u00a0\u00bb50px\u00a0\u00bb header_font_size_last_edited=\u00a0\u00bbon|phone\u00a0\u00bb body_font_size_tablet=\u00a0\u00bb\u00a0\u00bb body_font_size_phone=\u00a0\u00bb\u00a0\u00bb body_font_size_last_edited=\u00a0\u00bbon|tablet\u00a0\u00bb background_last_edited=\u00a0\u00bbon|phone\u00a0\u00bb parallax_phone=\u00a0\u00bboff\u00a0\u00bb button_text_size_tablet=\u00a0\u00bb16&Prime; button_text_size_phone=\u00a0\u00bb16&Prime; button_text_color_hover=\u00a0\u00bb#666666&Prime; button_bg_color_hover=\u00a0\u00bb#ffffff\u00a0\u00bb global_colors_info=\u00a0\u00bb{}\u00a0\u00bb button_text_size__hover_enabled=\u00a0\u00bboff\u00a0\u00bb button_one_text_size__hover_enabled=\u00a0\u00bboff\u00a0\u00bb button_two_text_size__hover_enabled=\u00a0\u00bboff\u00a0\u00bb button_text_color__hover_enabled=\u00a0\u00bbon\u00a0\u00bb button_text_color__hover=\u00a0\u00bb#666666&Prime; button_one_text_color__hover_enabled=\u00a0\u00bboff\u00a0\u00bb button_two_text_color__hover_enabled=\u00a0\u00bboff\u00a0\u00bb button_border_width__hover_enabled=\u00a0\u00bboff\u00a0\u00bb button_one_border_width__hover_enabled=\u00a0\u00bboff\u00a0\u00bb button_two_border_width__hover_enabled=\u00a0\u00bboff\u00a0\u00bb button_border_color__hover_enabled=\u00a0\u00bboff\u00a0\u00bb button_one_border_color__hover_enabled=\u00a0\u00bboff\u00a0\u00bb button_two_border_color__hover_enabled=\u00a0\u00bboff\u00a0\u00bb button_border_radius__hover_enabled=\u00a0\u00bboff\u00a0\u00bb button_one_border_radius__hover_enabled=\u00a0\u00bboff\u00a0\u00bb button_two_border_radius__hover_enabled=\u00a0\u00bboff\u00a0\u00bb button_letter_spacing__hover_enabled=\u00a0\u00bboff\u00a0\u00bb button_one_letter_spacing__hover_enabled=\u00a0\u00bboff\u00a0\u00bb button_two_letter_spacing__hover_enabled=\u00a0\u00bboff\u00a0\u00bb button_bg_color__hover_enabled=\u00a0\u00bbon\u00a0\u00bb button_bg_color__hover=\u00a0\u00bb#ffffff\u00a0\u00bb button_one_bg_color__hover_enabled=\u00a0\u00bboff\u00a0\u00bb button_two_bg_color__hover_enabled=\u00a0\u00bboff\u00a0\u00bb sticky_transition=\u00a0\u00bbon\u00a0\u00bb][\/et_pb_slide][\/et_pb_fullwidth_slider][\/et_pb_section][et_pb_section fb_built=\u00a0\u00bb1&Prime; admin_label=\u00a0\u00bbsection\u00a0\u00bb _builder_version=\u00a0\u00bb3.22&Prime; custom_padding=\u00a0\u00bb0px|0px|0px|0px\u00a0\u00bb transparent_background=\u00a0\u00bboff\u00a0\u00bb make_fullwidth=\u00a0\u00bboff\u00a0\u00bb use_custom_width=\u00a0\u00bboff\u00a0\u00bb width_unit=\u00a0\u00bboff\u00a0\u00bb custom_width_px=\u00a0\u00bb1080px\u00a0\u00bb custom_width_percent=\u00a0\u00bb80%\u00a0\u00bb global_colors_info=\u00a0\u00bb{}\u00a0\u00bb][et_pb_row _builder_version=\u00a0\u00bb4.2&Prime; global_colors_info=\u00a0\u00bb{}\u00a0\u00bb][et_pb_column type=\u00a0\u00bb4_4&Prime; _builder_version=\u00a0\u00bb4.2&Prime; global_colors_info=\u00a0\u00bb{}\u00a0\u00bb][et_pb_text _builder_version=\u00a0\u00bb4.11.3&Prime; global_colors_info=\u00a0\u00bb{}\u00a0\u00bb]<\/p>\n<p style=\"text-align: center;\">Les diff\u00e9rentes formules propos\u00e9es permettent de choisir selon ton budget, tes disponibilit\u00e9s,<br \/>tes envies ainsi que le nombre de sorties que tu souhaites effectuer durant la saison.<\/p>\n<p style=\"text-align: center;\"><strong>CHEZ NOUS, CHAQUE SORTIE N&rsquo;A PAS DE LIMITE DE TEMPS.<span style=\"text-decoration: underline;\"><br \/><span style=\"color: #993300; text-decoration: underline;\">QUE TU SORTES 2H, 4H OU TOUTE LA JOURN\u00c9E, C&rsquo;EST TOI QUI D\u00c9CIDE !<\/span><\/span><br \/><\/strong><strong>POSSIBILIT\u00c9 DE R\u00c9GLER TON PACK EN 3 MENSUALIT\u00c9S SANS AUCUN PROBL\u00c8ME<\/strong><\/p>\n<p>[\/et_pb_text][\/et_pb_column][\/et_pb_row][et_pb_row _builder_version=\u00a0\u00bb4.2&Prime; custom_margin=\u00a0\u00bb-20px|auto||auto||\u00a0\u00bb custom_padding=\u00a0\u00bb12px||4px|||\u00a0\u00bb global_colors_info=\u00a0\u00bb{}\u00a0\u00bb][et_pb_column type=\u00a0\u00bb4_4&Prime; _builder_version=\u00a0\u00bb4.2&Prime; global_colors_info=\u00a0\u00bb{}\u00a0\u00bb][et_pb_text _builder_version=\u00a0\u00bb4.11.3&Prime; global_colors_info=\u00a0\u00bb{}\u00a0\u00bb]<\/p>\n<p style=\"text-align: center;\"><em>D\u00e9couvre nos formules ci-dessous<\/em><\/p>\n<p>[\/et_pb_text][\/et_pb_column][\/et_pb_row][et_pb_row _builder_version=\u00a0\u00bb4.2&Prime; custom_margin=\u00a0\u00bb|auto|0px|auto|false|false\u00a0\u00bb custom_padding=\u00a0\u00bb0px||0px||false|false\u00a0\u00bb border_color_all=\u00a0\u00bb#1a0052&Prime; global_colors_info=\u00a0\u00bb{}\u00a0\u00bb][et_pb_column type=\u00a0\u00bb4_4&Prime; _builder_version=\u00a0\u00bb4.2&Prime; global_colors_info=\u00a0\u00bb{}\u00a0\u00bb][et_pb_button button_url=\u00a0\u00bb@ET-DC@eyJkeW5hbWljIjp0cnVlLCJjb250ZW50IjoicG9zdF9saW5rX3VybF9hdHRhY2htZW50Iiwic2V0dGluZ3MiOnsicG9zdF9pZCI6IjMwMzQwIn19@\u00a0\u00bb url_new_window=\u00a0\u00bbon\u00a0\u00bb button_text=\u00a0\u00bbD\u00c9COUVREZ LES TARIFS &#8211; CLIQUEZ-ICI\u00a0\u00bb button_alignment=\u00a0\u00bbcenter\u00a0\u00bb _builder_version=\u00a0\u00bb4.11.3&Prime; _dynamic_attributes=\u00a0\u00bbbutton_url\u00a0\u00bb _module_preset=\u00a0\u00bbdefault\u00a0\u00bb custom_button=\u00a0\u00bbon\u00a0\u00bb button_text_color=\u00a0\u00bb#FFFFFF\u00a0\u00bb button_bg_color=\u00a0\u00bb#0C71C3&Prime; global_colors_info=\u00a0\u00bb{}\u00a0\u00bb][\/et_pb_button][et_pb_image src=\u00a0\u00bbhttps:\/\/nauti-club.ch\/wp-content\/uploads\/2026\/01\/IMAGE-PRIX-2026-SITE-INTERNET.png\u00a0\u00bb title_text=\u00a0\u00bbIMAGE PRIX 2026 SITE INTERNET\u00a0\u00bb url=\u00a0\u00bb@ET-DC@eyJkeW5hbWljIjp0cnVlLCJjb250ZW50IjoicG9zdF9saW5rX3VybF9hdHRhY2htZW50Iiwic2V0dGluZ3MiOnsicG9zdF9pZCI6IjMwMzQwIn19@\u00a0\u00bb align=\u00a0\u00bbcenter\u00a0\u00bb _builder_version=\u00a0\u00bb4.11.3&Prime; _dynamic_attributes=\u00a0\u00bburl\u00a0\u00bb _module_preset=\u00a0\u00bbdefault\u00a0\u00bb hover_enabled=\u00a0\u00bb0&Prime; global_colors_info=\u00a0\u00bb{}\u00a0\u00bb sticky_enabled=\u00a0\u00bb0&Prime;][\/et_pb_image][\/et_pb_column][\/et_pb_row][et_pb_row _builder_version=\u00a0\u00bb4.2&Prime; custom_padding=\u00a0\u00bb9px||8px|||\u00a0\u00bb border_color_all=\u00a0\u00bb#1a0052&Prime; global_colors_info=\u00a0\u00bb{}\u00a0\u00bb][et_pb_column type=\u00a0\u00bb4_4&Prime; _builder_version=\u00a0\u00bb4.2&Prime; global_colors_info=\u00a0\u00bb{}\u00a0\u00bb][et_pb_toggle title=\u00a0\u00bbCOMPARATIF : PROPRIETAIRE vs LOCATAIRE vs NAUTI-CLUB \u00a0\u00bb open_toggle_background_color=\u00a0\u00bbrgba(0,0,0,0)\u00a0\u00bb closed_toggle_text_color=\u00a0\u00bb#1a0052&Prime; closed_toggle_background_color=\u00a0\u00bb#d6d6d6&Prime; icon_color=\u00a0\u00bb#1a0052&Prime; use_icon_font_size=\u00a0\u00bbon\u00a0\u00bb icon_font_size=\u00a0\u00bb30px\u00a0\u00bb _builder_version=\u00a0\u00bb4.7.7&Prime; title_level=\u00a0\u00bbh3&Prime; background_color=\u00a0\u00bbrgba(0,0,0,0)\u00a0\u00bb text_orientation=\u00a0\u00bbcenter\u00a0\u00bb animation_style=\u00a0\u00bbzoom\u00a0\u00bb global_colors_info=\u00a0\u00bb{}\u00a0\u00bb]<\/p>\n<p>Le comparatif pr\u00e9sent\u00e9 ci-dessous, d\u00e9montre que le partage offre de nombreux avantages. La location traditionelle conviendra aux utilisateurs qui souhaitent sortir de 1 \u00e0 4 fois dans l&rsquo;ann\u00e9e. Aussi, nous rappelons que NAUTI-CLUB offre la possibilit\u00e9 de r\u00e9server sans limite de temps.\u00a0<\/p>\n<p><a href=\"https:\/\/nauti-club.ch\/wp-content\/uploads\/2020\/12\/COMPARATIF-2021.png\"><img loading=\"lazy\" decoding=\"async\" src=\"https:\/\/nauti-club.ch\/wp-content\/uploads\/2020\/12\/COMPARATIF-2021-1024x1006.png\" alt=\"\" class=\"wp-image-29606 aligncenter size-large\" width=\"1024\" height=\"1006\" srcset=\"https:\/\/nauti-club.ch\/wp-content\/uploads\/2020\/12\/COMPARATIF-2021-1024x1006.png 1024w, https:\/\/nauti-club.ch\/wp-content\/uploads\/2020\/12\/COMPARATIF-2021-980x963.png 980w, https:\/\/nauti-club.ch\/wp-content\/uploads\/2020\/12\/COMPARATIF-2021-480x471.png 480w\" sizes=\"auto, (min-width: 0px) and (max-width: 480px) 480px, (min-width: 481px) and (max-width: 980px) 980px, (min-width: 981px) 1024px, 100vw\" \/><\/a><\/p>\n<p>[\/et_pb_toggle][\/et_pb_column][\/et_pb_row][et_pb_row _builder_version=\u00a0\u00bb4.7.7&Prime; global_colors_info=\u00a0\u00bb{}\u00a0\u00bb][et_pb_column type=\u00a0\u00bb4_4&Prime; _builder_version=\u00a0\u00bb4.2&Prime; global_colors_info=\u00a0\u00bb{}\u00a0\u00bb][et_pb_text _builder_version=\u00a0\u00bb4.7.7&Prime; global_colors_info=\u00a0\u00bb{}\u00a0\u00bb]<\/p>\n<p style=\"text-align: center;\"><strong>Our philosophy:<\/strong><br \/>Notre concept de boat-sharing est avant tout un syst\u00e8me de partage. Il repose principalement sur un nombre maximum d\u2019utilisateurs pour chaque bateau calcul\u00e9 d\u2019apr\u00e8s le nombre de jours de week-end disponibles ou restants durant la saison. Chaque PAF donne droit \u00e0 un nombre de sorties limit\u00e9es ou illimit\u00e9es durant la saison. Les utilisateurs prendront conscience que toute pr\u00e9-r\u00e9servation en surnombre ou accrue d&rsquo;un bateau n\u2019est pas compatible avec notre mod\u00e8le et rappelons que chaque r\u00e9servation doit \u00eatre annul\u00e9e dans les d\u00e9lais en cas de non-utilisation du bateau pour permettre aux autres utilisateurs de profiter du lac.<\/p>\n<p style=\"text-align: center;\">Jusqu&rsquo;\u00e0 4 r\u00e9servations en avance (2 en semaine et 2 en week-end) durant toute la saison, sans limite de temps.<\/p>\n<p style=\"text-align: center;\"><strong><\/strong><\/p>\n<p style=\"text-align: center;\"><strong><\/strong><\/p>\n<p>[\/et_pb_text][et_pb_button button_url=\u00a0\u00bb@ET-DC@eyJkeW5hbWljIjp0cnVlLCJjb250ZW50IjoicG9zdF9saW5rX3VybF9wYWdlIiwic2V0dGluZ3MiOnsicG9zdF9pZCI6IjQ1In19@\u00a0\u00bb button_text=\u00a0\u00bbCONTACTEZ-NOUS\u00a0\u00bb button_alignment=\u00a0\u00bbcenter\u00a0\u00bb _builder_version=\u00a0\u00bb4.11.3&Prime; _dynamic_attributes=\u00a0\u00bbbutton_url\u00a0\u00bb _module_preset=\u00a0\u00bbdefault\u00a0\u00bb custom_button=\u00a0\u00bbon\u00a0\u00bb button_text_color=\u00a0\u00bb#FFFFFF\u00a0\u00bb button_bg_color=\u00a0\u00bb#0C71C3&Prime; global_colors_info=\u00a0\u00bb{}\u00a0\u00bb][\/et_pb_button][\/et_pb_column][\/et_pb_row][\/et_pb_section]<\/p>","protected":false},"excerpt":{"rendered":"<p>Les diff\u00e9rentes formules propos\u00e9es permettent de choisir selon ton budget, tes disponibilit\u00e9s,tes envies ainsi que le nombre de sorties que tu souhaites effectuer durant la saison. CHEZ NOUS, CHAQUE SORTIE N&rsquo;A PAS DE LIMITE DE TEMPS.QUE TU SORTES 2H, 4H OU TOUTE LA JOURN\u00c9E, C&rsquo;EST TOI QUI D\u00c9CIDE !POSSIBILIT\u00c9 DE R\u00c9GLER TON PACK EN 3 [&hellip;]<\/p>","protected":false},"author":1,"featured_media":0,"parent":0,"menu_order":0,"comment_status":"closed","ping_status":"closed","template":"","meta":{"_et_pb_use_builder":"on","_et_pb_old_content":"","_et_gb_content_width":"","iawp_total_views":2963,"footnotes":""},"class_list":["post-29569","page","type-page","status-publish","hentry"],"yoast_head":"<!-- This site is optimized with the Yoast SEO plugin v26.8 - https:\/\/yoast.com\/product\/yoast-seo-wordpress\/ -->\n<title>TARIFS - NAUTI-CLUB<\/title>\n<meta name=\"description\" content=\"Club de partage de bateaux moteur location bateaux moteur lausanne ouchy\" \/>\n<meta name=\"robots\" content=\"index, follow, max-snippet:-1, max-image-preview:large, max-video-preview:-1\" \/>\n<link rel=\"canonical\" href=\"https:\/\/nauti-club.ch\/en\/tarifs\/\" \/>\n<meta property=\"og:locale\" content=\"en_GB\" \/>\n<meta property=\"og:type\" content=\"article\" \/>\n<meta property=\"og:title\" content=\"TARIFS - NAUTI-CLUB\" \/>\n<meta property=\"og:description\" content=\"Club de partage de bateaux moteur location bateaux moteur lausanne ouchy\" \/>\n<meta property=\"og:url\" content=\"https:\/\/nauti-club.ch\/en\/tarifs\/\" \/>\n<meta property=\"og:site_name\" content=\"NAUTI-CLUB\" \/>\n<meta property=\"article:modified_time\" content=\"2026-01-29T08:33:27+00:00\" \/>\n<meta property=\"og:image\" content=\"https:\/\/nauti-club.ch\/wp-content\/uploads\/2020\/12\/COMPARATIF-2021.png\" \/>\n\t<meta property=\"og:image:width\" content=\"1184\" \/>\n\t<meta property=\"og:image:height\" content=\"1163\" \/>\n\t<meta property=\"og:image:type\" content=\"image\/png\" \/>\n<meta name=\"twitter:card\" content=\"summary_large_image\" \/>\n<meta name=\"twitter:label1\" content=\"Estimated reading time\" \/>\n\t<meta name=\"twitter:data1\" content=\"6 minutes\" \/>\n<script type=\"application\/ld+json\" class=\"yoast-schema-graph\">{\"@context\":\"https:\/\/schema.org\",\"@graph\":[{\"@type\":\"WebPage\",\"@id\":\"https:\/\/nauti-club.ch\/tarifs\/\",\"url\":\"https:\/\/nauti-club.ch\/tarifs\/\",\"name\":\"TARIFS - NAUTI-CLUB\",\"isPartOf\":{\"@id\":\"https:\/\/nauti-club.ch\/#website\"},\"primaryImageOfPage\":{\"@id\":\"https:\/\/nauti-club.ch\/tarifs\/#primaryimage\"},\"image\":{\"@id\":\"https:\/\/nauti-club.ch\/tarifs\/#primaryimage\"},\"thumbnailUrl\":\"https:\/\/nauti-club.ch\/wp-content\/uploads\/2020\/12\/COMPARATIF-2021-1024x1006.png\",\"datePublished\":\"2020-12-13T08:37:20+00:00\",\"dateModified\":\"2026-01-29T08:33:27+00:00\",\"description\":\"Club de partage de bateaux moteur location bateaux moteur lausanne ouchy\",\"breadcrumb\":{\"@id\":\"https:\/\/nauti-club.ch\/tarifs\/#breadcrumb\"},\"inLanguage\":\"en-GB\",\"potentialAction\":[{\"@type\":\"ReadAction\",\"target\":[\"https:\/\/nauti-club.ch\/tarifs\/\"]}]},{\"@type\":\"ImageObject\",\"inLanguage\":\"en-GB\",\"@id\":\"https:\/\/nauti-club.ch\/tarifs\/#primaryimage\",\"url\":\"https:\/\/nauti-club.ch\/wp-content\/uploads\/2020\/12\/COMPARATIF-2021-1024x1006.png\",\"contentUrl\":\"https:\/\/nauti-club.ch\/wp-content\/uploads\/2020\/12\/COMPARATIF-2021-1024x1006.png\"},{\"@type\":\"BreadcrumbList\",\"@id\":\"https:\/\/nauti-club.ch\/tarifs\/#breadcrumb\",\"itemListElement\":[{\"@type\":\"ListItem\",\"position\":1,\"name\":\"Accueil\",\"item\":\"https:\/\/nauti-club.ch\/\"},{\"@type\":\"ListItem\",\"position\":2,\"name\":\"TARIFS\"}]},{\"@type\":\"WebSite\",\"@id\":\"https:\/\/nauti-club.ch\/#website\",\"url\":\"https:\/\/nauti-club.ch\/\",\"name\":\"NAUTI-CLUB\",\"description\":\"PARTAGE DE BATEAUX MOTEUR\",\"publisher\":{\"@id\":\"https:\/\/nauti-club.ch\/#organization\"},\"potentialAction\":[{\"@type\":\"SearchAction\",\"target\":{\"@type\":\"EntryPoint\",\"urlTemplate\":\"https:\/\/nauti-club.ch\/?s={search_term_string}\"},\"query-input\":{\"@type\":\"PropertyValueSpecification\",\"valueRequired\":true,\"valueName\":\"search_term_string\"}}],\"inLanguage\":\"en-GB\"},{\"@type\":\"Organization\",\"@id\":\"https:\/\/nauti-club.ch\/#organization\",\"name\":\"NAUTI-CLUB\",\"url\":\"https:\/\/nauti-club.ch\/\",\"logo\":{\"@type\":\"ImageObject\",\"inLanguage\":\"en-GB\",\"@id\":\"https:\/\/nauti-club.ch\/#\/schema\/logo\/image\/\",\"url\":\"https:\/\/nauti-club.ch\/wp-content\/uploads\/2020\/02\/LOGO-CARRE-NAUTI-CLUB-bis.jpg\",\"contentUrl\":\"https:\/\/nauti-club.ch\/wp-content\/uploads\/2020\/02\/LOGO-CARRE-NAUTI-CLUB-bis.jpg\",\"width\":557,\"height\":553,\"caption\":\"NAUTI-CLUB\"},\"image\":{\"@id\":\"https:\/\/nauti-club.ch\/#\/schema\/logo\/image\/\"}}]}<\/script>\n<!-- \/ Yoast SEO plugin. -->","yoast_head_json":{"title":"TARIFS - NAUTI-CLUB","description":"Club de partage de bateaux moteur location bateaux moteur lausanne ouchy","robots":{"index":"index","follow":"follow","max-snippet":"max-snippet:-1","max-image-preview":"max-image-preview:large","max-video-preview":"max-video-preview:-1"},"canonical":"https:\/\/nauti-club.ch\/en\/tarifs\/","og_locale":"en_GB","og_type":"article","og_title":"TARIFS - NAUTI-CLUB","og_description":"Club de partage de bateaux moteur location bateaux moteur lausanne ouchy","og_url":"https:\/\/nauti-club.ch\/en\/tarifs\/","og_site_name":"NAUTI-CLUB","article_modified_time":"2026-01-29T08:33:27+00:00","og_image":[{"width":1184,"height":1163,"url":"https:\/\/nauti-club.ch\/wp-content\/uploads\/2020\/12\/COMPARATIF-2021.png","type":"image\/png"}],"twitter_card":"summary_large_image","twitter_misc":{"Estimated reading time":"6 minutes"},"schema":{"@context":"https:\/\/schema.org","@graph":[{"@type":"WebPage","@id":"https:\/\/nauti-club.ch\/tarifs\/","url":"https:\/\/nauti-club.ch\/tarifs\/","name":"TARIFS - NAUTI-CLUB","isPartOf":{"@id":"https:\/\/nauti-club.ch\/#website"},"primaryImageOfPage":{"@id":"https:\/\/nauti-club.ch\/tarifs\/#primaryimage"},"image":{"@id":"https:\/\/nauti-club.ch\/tarifs\/#primaryimage"},"thumbnailUrl":"https:\/\/nauti-club.ch\/wp-content\/uploads\/2020\/12\/COMPARATIF-2021-1024x1006.png","datePublished":"2020-12-13T08:37:20+00:00","dateModified":"2026-01-29T08:33:27+00:00","description":"Club de partage de bateaux moteur location bateaux moteur lausanne ouchy","breadcrumb":{"@id":"https:\/\/nauti-club.ch\/tarifs\/#breadcrumb"},"inLanguage":"en-GB","potentialAction":[{"@type":"ReadAction","target":["https:\/\/nauti-club.ch\/tarifs\/"]}]},{"@type":"ImageObject","inLanguage":"en-GB","@id":"https:\/\/nauti-club.ch\/tarifs\/#primaryimage","url":"https:\/\/nauti-club.ch\/wp-content\/uploads\/2020\/12\/COMPARATIF-2021-1024x1006.png","contentUrl":"https:\/\/nauti-club.ch\/wp-content\/uploads\/2020\/12\/COMPARATIF-2021-1024x1006.png"},{"@type":"BreadcrumbList","@id":"https:\/\/nauti-club.ch\/tarifs\/#breadcrumb","itemListElement":[{"@type":"ListItem","position":1,"name":"Accueil","item":"https:\/\/nauti-club.ch\/"},{"@type":"ListItem","position":2,"name":"TARIFS"}]},{"@type":"WebSite","@id":"https:\/\/nauti-club.ch\/#website","url":"https:\/\/nauti-club.ch\/","name":"NAUTI-CLUB","description":"PARTAGE DE BATEAUX MOTEUR","publisher":{"@id":"https:\/\/nauti-club.ch\/#organization"},"potentialAction":[{"@type":"SearchAction","target":{"@type":"EntryPoint","urlTemplate":"https:\/\/nauti-club.ch\/?s={search_term_string}"},"query-input":{"@type":"PropertyValueSpecification","valueRequired":true,"valueName":"search_term_string"}}],"inLanguage":"en-GB"},{"@type":"Organization","@id":"https:\/\/nauti-club.ch\/#organization","name":"NAUTI-CLUB","url":"https:\/\/nauti-club.ch\/","logo":{"@type":"ImageObject","inLanguage":"en-GB","@id":"https:\/\/nauti-club.ch\/#\/schema\/logo\/image\/","url":"https:\/\/nauti-club.ch\/wp-content\/uploads\/2020\/02\/LOGO-CARRE-NAUTI-CLUB-bis.jpg","contentUrl":"https:\/\/nauti-club.ch\/wp-content\/uploads\/2020\/02\/LOGO-CARRE-NAUTI-CLUB-bis.jpg","width":557,"height":553,"caption":"NAUTI-CLUB"},"image":{"@id":"https:\/\/nauti-club.ch\/#\/schema\/logo\/image\/"}}]}},"_links":{"self":[{"href":"https:\/\/nauti-club.ch\/en\/wp-json\/wp\/v2\/pages\/29569","targetHints":{"allow":["GET"]}}],"collection":[{"href":"https:\/\/nauti-club.ch\/en\/wp-json\/wp\/v2\/pages"}],"about":[{"href":"https:\/\/nauti-club.ch\/en\/wp-json\/wp\/v2\/types\/page"}],"author":[{"embeddable":true,"href":"https:\/\/nauti-club.ch\/en\/wp-json\/wp\/v2\/users\/1"}],"replies":[{"embeddable":true,"href":"https:\/\/nauti-club.ch\/en\/wp-json\/wp\/v2\/comments?post=29569"}],"version-history":[{"count":153,"href":"https:\/\/nauti-club.ch\/en\/wp-json\/wp\/v2\/pages\/29569\/revisions"}],"predecessor-version":[{"id":30380,"href":"https:\/\/nauti-club.ch\/en\/wp-json\/wp\/v2\/pages\/29569\/revisions\/30380"}],"wp:attachment":[{"href":"https:\/\/nauti-club.ch\/en\/wp-json\/wp\/v2\/media?parent=29569"}],"curies":[{"name":"wp","href":"https:\/\/api.w.org\/{rel}","templated":true}]}}