{"id":29928,"date":"2021-02-02T10:07:01","date_gmt":"2021-02-02T09:07:01","guid":{"rendered":"https:\/\/nauti-club.ch\/?page_id=29928"},"modified":"2026-01-22T10:31:34","modified_gmt":"2026-01-22T09:31:34","slug":"bateaux-port-douchy","status":"publish","type":"page","link":"https:\/\/nauti-club.ch\/en\/bateaux-port-douchy\/","title":{"rendered":"BATEAUX PORT D&rsquo;OUCHY"},"content":{"rendered":"<p>[et_pb_section fb_built=\u00a0\u00bb1&Prime; fullwidth=\u00a0\u00bbon\u00a0\u00bb admin_label=\u00a0\u00bbSection\u00a0\u00bb _builder_version=\u00a0\u00bb3.22&Prime; custom_padding=\u00a0\u00bb0px|0px|0px|0px\u00a0\u00bb transparent_background=\u00a0\u00bboff\u00a0\u00bb make_fullwidth=\u00a0\u00bboff\u00a0\u00bb use_custom_width=\u00a0\u00bboff\u00a0\u00bb width_unit=\u00a0\u00bboff\u00a0\u00bb custom_width_px=\u00a0\u00bb1080px\u00a0\u00bb custom_width_percent=\u00a0\u00bb80%\u00a0\u00bb global_colors_info=\u00a0\u00bb{}\u00a0\u00bb][et_pb_fullwidth_slider admin_label=\u00a0\u00bbCurseur de d\u00e9filement plein \u00e9cran\u00a0\u00bb _builder_version=\u00a0\u00bb4.11.3&Prime; background_enable_video_mp4=\u00a0\u00bboff\u00a0\u00bb min_height=\u00a0\u00bb399px\u00a0\u00bb custom_padding=\u00a0\u00bb20px||17px|||\u00a0\u00bb custom_padding_tablet=\u00a0\u00bb|||\u00a0\u00bb custom_padding_phone=\u00a0\u00bb|||\u00a0\u00bb button_letter_spacing_hover=\u00a0\u00bb0&Prime; remove_inner_shadow=\u00a0\u00bbon\u00a0\u00bb hide_content_on_mobile=\u00a0\u00bboff\u00a0\u00bb hide_cta_on_mobile=\u00a0\u00bboff\u00a0\u00bb show_inner_shadow=\u00a0\u00bboff\u00a0\u00bb global_colors_info=\u00a0\u00bb{}\u00a0\u00bb button_text_size__hover_enabled=\u00a0\u00bboff\u00a0\u00bb button_one_text_size__hover_enabled=\u00a0\u00bboff\u00a0\u00bb button_two_text_size__hover_enabled=\u00a0\u00bboff\u00a0\u00bb button_text_color__hover_enabled=\u00a0\u00bboff\u00a0\u00bb button_one_text_color__hover_enabled=\u00a0\u00bboff\u00a0\u00bb button_two_text_color__hover_enabled=\u00a0\u00bboff\u00a0\u00bb button_border_width__hover_enabled=\u00a0\u00bboff\u00a0\u00bb button_one_border_width__hover_enabled=\u00a0\u00bboff\u00a0\u00bb button_two_border_width__hover_enabled=\u00a0\u00bboff\u00a0\u00bb button_border_color__hover_enabled=\u00a0\u00bboff\u00a0\u00bb button_one_border_color__hover_enabled=\u00a0\u00bboff\u00a0\u00bb button_two_border_color__hover_enabled=\u00a0\u00bboff\u00a0\u00bb button_border_radius__hover_enabled=\u00a0\u00bboff\u00a0\u00bb button_one_border_radius__hover_enabled=\u00a0\u00bboff\u00a0\u00bb button_two_border_radius__hover_enabled=\u00a0\u00bboff\u00a0\u00bb button_letter_spacing__hover_enabled=\u00a0\u00bbon\u00a0\u00bb button_letter_spacing__hover=\u00a0\u00bb0&Prime; button_one_letter_spacing__hover_enabled=\u00a0\u00bboff\u00a0\u00bb button_two_letter_spacing__hover_enabled=\u00a0\u00bboff\u00a0\u00bb button_bg_color__hover_enabled=\u00a0\u00bboff\u00a0\u00bb button_one_bg_color__hover_enabled=\u00a0\u00bboff\u00a0\u00bb button_two_bg_color__hover_enabled=\u00a0\u00bboff\u00a0\u00bb][et_pb_slide heading=\u00a0\u00bbPORT D&rsquo;OUCHY\u00a0\u00bb use_bg_overlay=\u00a0\u00bbon\u00a0\u00bb bg_overlay_color=\u00a0\u00bbrgba(0,0,0,0.5)\u00a0\u00bb use_text_overlay=\u00a0\u00bboff\u00a0\u00bb _builder_version=\u00a0\u00bb4.11.3&Prime; header_font=\u00a0\u00bb||||\u00a0\u00bb header_font_size=\u00a0\u00bb85&Prime; body_font=\u00a0\u00bb||||\u00a0\u00bb body_line_height=\u00a0\u00bb1.5em\u00a0\u00bb background_enable_color=\u00a0\u00bboff\u00a0\u00bb use_background_color_gradient=\u00a0\u00bbon\u00a0\u00bb background_color_gradient_start=\u00a0\u00bb#0a3313&Prime; background_color_gradient_end=\u00a0\u00bb#0c71c3&Prime; background_enable_image=\u00a0\u00bboff\u00a0\u00bb background_enable_video_mp4=\u00a0\u00bboff\u00a0\u00bb custom_button=\u00a0\u00bbon\u00a0\u00bb button_text_size=\u00a0\u00bb16&Prime; button_text_color=\u00a0\u00bb#ffffff\u00a0\u00bb button_border_color=\u00a0\u00bb#ffffff\u00a0\u00bb button_font=\u00a0\u00bb||||\u00a0\u00bb button_use_icon=\u00a0\u00bboff\u00a0\u00bb header_font_size_tablet=\u00a0\u00bb80px\u00a0\u00bb header_font_size_phone=\u00a0\u00bb50px\u00a0\u00bb header_font_size_last_edited=\u00a0\u00bbon|phone\u00a0\u00bb body_font_size_tablet=\u00a0\u00bb\u00a0\u00bb body_font_size_phone=\u00a0\u00bb\u00a0\u00bb body_font_size_last_edited=\u00a0\u00bbon|tablet\u00a0\u00bb button_text_size_tablet=\u00a0\u00bb16&Prime; button_text_size_phone=\u00a0\u00bb16&Prime; button_text_color_hover=\u00a0\u00bb#666666&Prime; button_bg_color_hover=\u00a0\u00bb#ffffff\u00a0\u00bb global_colors_info=\u00a0\u00bb{}\u00a0\u00bb button_text_size__hover_enabled=\u00a0\u00bboff\u00a0\u00bb button_one_text_size__hover_enabled=\u00a0\u00bboff\u00a0\u00bb button_two_text_size__hover_enabled=\u00a0\u00bboff\u00a0\u00bb button_text_color__hover_enabled=\u00a0\u00bbon\u00a0\u00bb button_text_color__hover=\u00a0\u00bb#666666&Prime; button_one_text_color__hover_enabled=\u00a0\u00bboff\u00a0\u00bb button_two_text_color__hover_enabled=\u00a0\u00bboff\u00a0\u00bb button_border_width__hover_enabled=\u00a0\u00bboff\u00a0\u00bb button_one_border_width__hover_enabled=\u00a0\u00bboff\u00a0\u00bb button_two_border_width__hover_enabled=\u00a0\u00bboff\u00a0\u00bb button_border_color__hover_enabled=\u00a0\u00bboff\u00a0\u00bb button_one_border_color__hover_enabled=\u00a0\u00bboff\u00a0\u00bb button_two_border_color__hover_enabled=\u00a0\u00bboff\u00a0\u00bb button_border_radius__hover_enabled=\u00a0\u00bboff\u00a0\u00bb button_one_border_radius__hover_enabled=\u00a0\u00bboff\u00a0\u00bb button_two_border_radius__hover_enabled=\u00a0\u00bboff\u00a0\u00bb button_letter_spacing__hover_enabled=\u00a0\u00bboff\u00a0\u00bb button_one_letter_spacing__hover_enabled=\u00a0\u00bboff\u00a0\u00bb button_two_letter_spacing__hover_enabled=\u00a0\u00bboff\u00a0\u00bb button_bg_color__hover_enabled=\u00a0\u00bbon\u00a0\u00bb button_bg_color__hover=\u00a0\u00bb#ffffff\u00a0\u00bb button_one_bg_color__hover_enabled=\u00a0\u00bboff\u00a0\u00bb button_two_bg_color__hover_enabled=\u00a0\u00bboff\u00a0\u00bb sticky_transition=\u00a0\u00bbon\u00a0\u00bb]<\/p>\n<p style=\"text-align: center;\">Situ\u00e9 au coeur de Lausanne, le port d&rsquo;Ouchy permet de naviguer vers l&rsquo;Est, l&rsquo;Ouest ou le Sud en vue de d\u00e9couvrir de belles r\u00e9gions.<\/p>\n<h2 style=\"text-align: center;\">4 IDENTICAL BOATS<br \/>\u00ab\u00a0NEUFS 2026\u00a0\u00bb<\/h2>\n<p style=\"text-align: center;\">A Ouchy, nous mettons \u00e0 disposition 4 bateaux moteur offrant ainsi le choix de l\u2019activit\u00e9 \u00e0 des familles.<br \/>Lorsqu&rsquo;un bateau est utilis\u00e9, il y en a toujours 3 autres disponibles.<br \/>Les bateaux offrent suffisamment de places pour les passagers et permettent d\u2019accueillir jusqu&rsquo;\u00e0 8 personnes.<\/p>\n<p style=\"text-align: center;\">[\/et_pb_slide][\/et_pb_fullwidth_slider][\/et_pb_section][et_pb_section fb_built=\u00a0\u00bb1&Prime; admin_label=\u00a0\u00bbsection\u00a0\u00bb _builder_version=\u00a0\u00bb3.22&Prime; custom_padding=\u00a0\u00bb0px|0px|0px|0px\u00a0\u00bb transparent_background=\u00a0\u00bboff\u00a0\u00bb make_fullwidth=\u00a0\u00bboff\u00a0\u00bb use_custom_width=\u00a0\u00bboff\u00a0\u00bb width_unit=\u00a0\u00bboff\u00a0\u00bb custom_width_px=\u00a0\u00bb1080px\u00a0\u00bb custom_width_percent=\u00a0\u00bb80%\u00a0\u00bb global_colors_info=\u00a0\u00bb{}\u00a0\u00bb][et_pb_row column_structure=\u00a0\u00bb1_2,1_2&Prime; use_custom_gutter=\u00a0\u00bbon\u00a0\u00bb gutter_width=\u00a0\u00bb1&Prime; admin_label=\u00a0\u00bbrow\u00a0\u00bb module_class=\u00a0\u00bb et_pb_row_fullwidth\u00a0\u00bb _builder_version=\u00a0\u00bb4.2&Prime; background_size=\u00a0\u00bbinitial\u00a0\u00bb background_position=\u00a0\u00bbtop_left\u00a0\u00bb background_repeat=\u00a0\u00bbrepeat\u00a0\u00bb width=\u00a0\u00bb100%\u00a0\u00bb width_tablet=\u00a0\u00bb100%\u00a0\u00bb width_phone=\u00a0\u00bb\u00a0\u00bb width_last_edited=\u00a0\u00bbon|desktop\u00a0\u00bb max_width=\u00a0\u00bb100%\u00a0\u00bb max_width_tablet=\u00a0\u00bb100%\u00a0\u00bb max_width_phone=\u00a0\u00bb\u00a0\u00bb max_width_last_edited=\u00a0\u00bbon|desktop\u00a0\u00bb custom_padding=\u00a0\u00bb0px|0px|0px|0px\u00a0\u00bb make_fullwidth=\u00a0\u00bbon\u00a0\u00bb use_custom_width=\u00a0\u00bboff\u00a0\u00bb width_unit=\u00a0\u00bboff\u00a0\u00bb custom_width_px=\u00a0\u00bb1080px\u00a0\u00bb custom_width_percent=\u00a0\u00bb80%\u00a0\u00bb global_colors_info=\u00a0\u00bb{}\u00a0\u00bb][et_pb_column type=\u00a0\u00bb1_2&Prime; _builder_version=\u00a0\u00bb3.25&Prime; custom_padding=\u00a0\u00bb|||\u00a0\u00bb global_colors_info=\u00a0\u00bb{}\u00a0\u00bb custom_padding__hover=\u00a0\u00bb|||\u00a0\u00bb][et_pb_text _builder_version=\u00a0\u00bb4.11.3&Prime; min_height=\u00a0\u00bb437px\u00a0\u00bb hover_enabled=\u00a0\u00bb0&Prime; global_colors_info=\u00a0\u00bb{}\u00a0\u00bb sticky_enabled=\u00a0\u00bb0&Prime;]<\/p>\n<p style=\"text-align: center;\"><strong><span style=\"font-size: xx-large;\"><\/span><\/strong><\/p>\n<p style=\"text-align: center;\"><strong><span style=\"font-size: xx-large;\"><\/span><\/strong><\/p>\n<p style=\"text-align: center;\"><strong><span style=\"font-size: xx-large;\"><\/span><\/strong><\/p>\n<p style=\"text-align: center;\"><strong><span style=\"font-size: xx-large;\"><\/span><\/strong><\/p>\n<p style=\"text-align: center;\"><strong><span style=\"font-size: xx-large;\"><\/span><\/strong><\/p>\n<p style=\"text-align: center;\"><strong><span style=\"font-size: xx-large;\">BAYLINER M19<\/span><\/strong><\/p>\n<p style=\"text-align: center;\"><strong><span style=\"font-size: xx-large;\">POWER: 115HP<br \/>NUMBER OF PASSENGERS : 8<br \/><\/span><\/strong><\/p>\n<p style=\"text-align: center;\"><strong style=\"font-size: medium;\">Gr\u00e2ce \u00e0 son m\u00e2t de ski, il permet la pratique du ski-nautique\/wakeboard !<\/strong><\/p>\n<p style=\"text-align: center;\"><span style=\"font-size: medium;\"><strong>Bateau permettant \u00e9galement d\u2019effectuer des balades<br \/><\/strong><\/span><span style=\"font-size: medium;\"><strong>or tow a buoy. It is completed with a sun protection.<\/strong><\/span><\/p>\n<p style=\"text-align: center;\"><em><span style=\"font-size: medium;\">illustrations non-contractuelles<\/span><\/em><\/p>\n<p style=\"text-align: center;\">\n<p style=\"text-align: center;\"><strong><span style=\"font-size: xx-large;\"><\/span><\/strong><\/p>\n<p style=\"text-align: center;\"><strong><span style=\"font-size: xx-large;\"><\/span><\/strong><\/p>\n<p>&nbsp;<\/p>\n<p>[\/et_pb_text][\/et_pb_column][et_pb_column type=\u00a0\u00bb1_2&Prime; _builder_version=\u00a0\u00bb3.25&Prime; custom_padding=\u00a0\u00bb|||\u00a0\u00bb global_colors_info=\u00a0\u00bb{}\u00a0\u00bb custom_padding__hover=\u00a0\u00bb|||\u00a0\u00bb][et_pb_slider _builder_version=\u00a0\u00bb4.11.3&Prime; width=\u00a0\u00bb100%\u00a0\u00bb max_width=\u00a0\u00bb100%\u00a0\u00bb min_height=\u00a0\u00bb301px\u00a0\u00bb height=\u00a0\u00bb1000px\u00a0\u00bb max_height=\u00a0\u00bb435px\u00a0\u00bb custom_padding=\u00a0\u00bb34px|||||\u00a0\u00bb global_colors_info=\u00a0\u00bb{}\u00a0\u00bb][et_pb_slide heading=\u00a0\u00bbBAYLINER M19 &#8211; 115cv\u00a0\u00bb _builder_version=\u00a0\u00bb4.11.3&Prime; global_colors_info=\u00a0\u00bb{}\u00a0\u00bb sticky_transition=\u00a0\u00bbon\u00a0\u00bb]<\/p>\n<p><a href=\"https:\/\/nauti-club.ch\/wp-content\/uploads\/2026\/01\/M19_1.jpg\"><img loading=\"lazy\" decoding=\"async\" src=\"https:\/\/nauti-club.ch\/wp-content\/uploads\/2026\/01\/M19_1-300x200.jpg\" width=\"300\" height=\"200\" alt=\"\" class=\"wp-image-30344 aligncenter size-medium\" \/><\/a><\/p>\n<p>[\/et_pb_slide][\/et_pb_slider][\/et_pb_column][\/et_pb_row][et_pb_row _builder_version=\u00a0\u00bb4.11.3&Prime; _module_preset=\u00a0\u00bbdefault\u00a0\u00bb][et_pb_column _builder_version=\u00a0\u00bb4.11.3&Prime; _module_preset=\u00a0\u00bbdefault\u00a0\u00bb type=\u00a0\u00bb4_4&Prime;][et_pb_button button_text=\u00a0\u00bbJE VEUX REJOINDRE LE CLUB\u00a0\u00bb _builder_version=\u00a0\u00bb4.11.3&Prime; _module_preset=\u00a0\u00bbdefault\u00a0\u00bb button_url=\u00a0\u00bb@ET-DC@eyJkeW5hbWljIjp0cnVlLCJjb250ZW50IjoicG9zdF9saW5rX3VybF9wYWdlIiwic2V0dGluZ3MiOnsicG9zdF9pZCI6IjQ1In19@\u00a0\u00bb _dynamic_attributes=\u00a0\u00bbbutton_url\u00a0\u00bb hover_enabled=\u00a0\u00bb0&Prime; sticky_enabled=\u00a0\u00bb0&Prime; button_alignment=\u00a0\u00bbcenter\u00a0\u00bb custom_button=\u00a0\u00bbon\u00a0\u00bb button_text_color=\u00a0\u00bb#FFFFFF\u00a0\u00bb button_text_size=\u00a0\u00bb26px\u00a0\u00bb button_bg_color=\u00a0\u00bb#0C71C3&Prime; button_bg_enable_color=\u00a0\u00bbon\u00a0\u00bb button_border_color=\u00a0\u00bb#7CDA24&Prime; button_text_shadow_style=\u00a0\u00bbpreset4&Prime;][\/et_pb_button][\/et_pb_column][\/et_pb_row][et_pb_row _builder_version=\u00a0\u00bb4.11.3&Prime; _module_preset=\u00a0\u00bbdefault\u00a0\u00bb global_colors_info=\u00a0\u00bb{}\u00a0\u00bb][et_pb_column type=\u00a0\u00bb4_4&Prime; _builder_version=\u00a0\u00bb4.11.3&Prime; _module_preset=\u00a0\u00bbdefault\u00a0\u00bb global_colors_info=\u00a0\u00bb{}\u00a0\u00bb][et_pb_gallery gallery_ids=\u00a0\u00bb30350,30349,30348,30347,30346,30345,30344&Prime; show_title_and_caption=\u00a0\u00bboff\u00a0\u00bb _builder_version=\u00a0\u00bb4.11.3&Prime; _module_preset=\u00a0\u00bbdefault\u00a0\u00bb global_colors_info=\u00a0\u00bb{}\u00a0\u00bb][\/et_pb_gallery][\/et_pb_column][\/et_pb_row][\/et_pb_section]<\/p>","protected":false},"excerpt":{"rendered":"<p>Situ\u00e9 au coeur de Lausanne, le port d&rsquo;Ouchy permet de naviguer vers l&rsquo;Est, l&rsquo;Ouest ou le Sud en vue de d\u00e9couvrir de belles r\u00e9gions. 4 BATEAUX IDENTIQUES\u00a0\u00bbNEUFS 2026&Prime; A Ouchy, nous mettons \u00e0 disposition 4 bateaux moteur offrant ainsi le choix de l\u2019activit\u00e9 \u00e0 des familles.Lorsqu&rsquo;un bateau est utilis\u00e9, il y en a toujours 3 [&hellip;]<\/p>","protected":false},"author":1,"featured_media":0,"parent":0,"menu_order":0,"comment_status":"closed","ping_status":"closed","template":"","meta":{"_et_pb_use_builder":"on","_et_pb_old_content":"","_et_gb_content_width":"","iawp_total_views":4193,"footnotes":""},"class_list":["post-29928","page","type-page","status-publish","hentry"],"yoast_head":"<!-- This site is optimized with the Yoast SEO plugin v26.8 - https:\/\/yoast.com\/product\/yoast-seo-wordpress\/ -->\n<title>BATEAUX PORT D&#039;OUCHY - NAUTI-CLUB<\/title>\n<meta name=\"description\" content=\"Club de partage de bateaux moteur location bateaux moteur lausanne ouchy\" \/>\n<meta name=\"robots\" content=\"index, follow, max-snippet:-1, max-image-preview:large, max-video-preview:-1\" \/>\n<link rel=\"canonical\" href=\"https:\/\/nauti-club.ch\/en\/bateaux-port-douchy\/\" \/>\n<meta property=\"og:locale\" content=\"en_GB\" \/>\n<meta property=\"og:type\" content=\"article\" \/>\n<meta property=\"og:title\" content=\"BATEAUX PORT D&#039;OUCHY - NAUTI-CLUB\" \/>\n<meta property=\"og:description\" content=\"Club de partage de bateaux moteur location bateaux moteur lausanne ouchy\" \/>\n<meta property=\"og:url\" content=\"https:\/\/nauti-club.ch\/en\/bateaux-port-douchy\/\" \/>\n<meta property=\"og:site_name\" content=\"NAUTI-CLUB\" \/>\n<meta property=\"article:modified_time\" content=\"2026-01-22T09:31:34+00:00\" \/>\n<meta property=\"og:image\" content=\"https:\/\/nauti-club.ch\/wp-content\/uploads\/2026\/01\/M19_1.jpg\" \/>\n\t<meta property=\"og:image:width\" content=\"1280\" \/>\n\t<meta property=\"og:image:height\" content=\"854\" \/>\n\t<meta property=\"og:image:type\" content=\"image\/jpeg\" \/>\n<meta name=\"twitter:card\" content=\"summary_large_image\" \/>\n<meta name=\"twitter:label1\" content=\"Estimated reading time\" \/>\n\t<meta name=\"twitter:data1\" content=\"5 minutes\" \/>\n<script type=\"application\/ld+json\" class=\"yoast-schema-graph\">{\"@context\":\"https:\/\/schema.org\",\"@graph\":[{\"@type\":\"WebPage\",\"@id\":\"https:\/\/nauti-club.ch\/bateaux-port-douchy\/\",\"url\":\"https:\/\/nauti-club.ch\/bateaux-port-douchy\/\",\"name\":\"BATEAUX PORT D'OUCHY - NAUTI-CLUB\",\"isPartOf\":{\"@id\":\"https:\/\/nauti-club.ch\/#website\"},\"primaryImageOfPage\":{\"@id\":\"https:\/\/nauti-club.ch\/bateaux-port-douchy\/#primaryimage\"},\"image\":{\"@id\":\"https:\/\/nauti-club.ch\/bateaux-port-douchy\/#primaryimage\"},\"thumbnailUrl\":\"https:\/\/nauti-club.ch\/wp-content\/uploads\/2026\/01\/M19_1-300x200.jpg\",\"datePublished\":\"2021-02-02T09:07:01+00:00\",\"dateModified\":\"2026-01-22T09:31:34+00:00\",\"description\":\"Club de partage de bateaux moteur location bateaux moteur lausanne ouchy\",\"breadcrumb\":{\"@id\":\"https:\/\/nauti-club.ch\/bateaux-port-douchy\/#breadcrumb\"},\"inLanguage\":\"en-GB\",\"potentialAction\":[{\"@type\":\"ReadAction\",\"target\":[\"https:\/\/nauti-club.ch\/bateaux-port-douchy\/\"]}]},{\"@type\":\"ImageObject\",\"inLanguage\":\"en-GB\",\"@id\":\"https:\/\/nauti-club.ch\/bateaux-port-douchy\/#primaryimage\",\"url\":\"https:\/\/nauti-club.ch\/wp-content\/uploads\/2026\/01\/M19_1-300x200.jpg\",\"contentUrl\":\"https:\/\/nauti-club.ch\/wp-content\/uploads\/2026\/01\/M19_1-300x200.jpg\"},{\"@type\":\"BreadcrumbList\",\"@id\":\"https:\/\/nauti-club.ch\/bateaux-port-douchy\/#breadcrumb\",\"itemListElement\":[{\"@type\":\"ListItem\",\"position\":1,\"name\":\"Accueil\",\"item\":\"https:\/\/nauti-club.ch\/\"},{\"@type\":\"ListItem\",\"position\":2,\"name\":\"BATEAUX PORT D&rsquo;OUCHY\"}]},{\"@type\":\"WebSite\",\"@id\":\"https:\/\/nauti-club.ch\/#website\",\"url\":\"https:\/\/nauti-club.ch\/\",\"name\":\"NAUTI-CLUB\",\"description\":\"PARTAGE DE BATEAUX MOTEUR\",\"publisher\":{\"@id\":\"https:\/\/nauti-club.ch\/#organization\"},\"potentialAction\":[{\"@type\":\"SearchAction\",\"target\":{\"@type\":\"EntryPoint\",\"urlTemplate\":\"https:\/\/nauti-club.ch\/?s={search_term_string}\"},\"query-input\":{\"@type\":\"PropertyValueSpecification\",\"valueRequired\":true,\"valueName\":\"search_term_string\"}}],\"inLanguage\":\"en-GB\"},{\"@type\":\"Organization\",\"@id\":\"https:\/\/nauti-club.ch\/#organization\",\"name\":\"NAUTI-CLUB\",\"url\":\"https:\/\/nauti-club.ch\/\",\"logo\":{\"@type\":\"ImageObject\",\"inLanguage\":\"en-GB\",\"@id\":\"https:\/\/nauti-club.ch\/#\/schema\/logo\/image\/\",\"url\":\"https:\/\/nauti-club.ch\/wp-content\/uploads\/2020\/02\/LOGO-CARRE-NAUTI-CLUB-bis.jpg\",\"contentUrl\":\"https:\/\/nauti-club.ch\/wp-content\/uploads\/2020\/02\/LOGO-CARRE-NAUTI-CLUB-bis.jpg\",\"width\":557,\"height\":553,\"caption\":\"NAUTI-CLUB\"},\"image\":{\"@id\":\"https:\/\/nauti-club.ch\/#\/schema\/logo\/image\/\"}}]}<\/script>\n<!-- \/ Yoast SEO plugin. -->","yoast_head_json":{"title":"BATEAUX PORT D'OUCHY - NAUTI-CLUB","description":"Club de partage de bateaux moteur location bateaux moteur lausanne ouchy","robots":{"index":"index","follow":"follow","max-snippet":"max-snippet:-1","max-image-preview":"max-image-preview:large","max-video-preview":"max-video-preview:-1"},"canonical":"https:\/\/nauti-club.ch\/en\/bateaux-port-douchy\/","og_locale":"en_GB","og_type":"article","og_title":"BATEAUX PORT D'OUCHY - NAUTI-CLUB","og_description":"Club de partage de bateaux moteur location bateaux moteur lausanne ouchy","og_url":"https:\/\/nauti-club.ch\/en\/bateaux-port-douchy\/","og_site_name":"NAUTI-CLUB","article_modified_time":"2026-01-22T09:31:34+00:00","og_image":[{"width":1280,"height":854,"url":"https:\/\/nauti-club.ch\/wp-content\/uploads\/2026\/01\/M19_1.jpg","type":"image\/jpeg"}],"twitter_card":"summary_large_image","twitter_misc":{"Estimated reading time":"5 minutes"},"schema":{"@context":"https:\/\/schema.org","@graph":[{"@type":"WebPage","@id":"https:\/\/nauti-club.ch\/bateaux-port-douchy\/","url":"https:\/\/nauti-club.ch\/bateaux-port-douchy\/","name":"BATEAUX PORT D'OUCHY - NAUTI-CLUB","isPartOf":{"@id":"https:\/\/nauti-club.ch\/#website"},"primaryImageOfPage":{"@id":"https:\/\/nauti-club.ch\/bateaux-port-douchy\/#primaryimage"},"image":{"@id":"https:\/\/nauti-club.ch\/bateaux-port-douchy\/#primaryimage"},"thumbnailUrl":"https:\/\/nauti-club.ch\/wp-content\/uploads\/2026\/01\/M19_1-300x200.jpg","datePublished":"2021-02-02T09:07:01+00:00","dateModified":"2026-01-22T09:31:34+00:00","description":"Club de partage de bateaux moteur location bateaux moteur lausanne ouchy","breadcrumb":{"@id":"https:\/\/nauti-club.ch\/bateaux-port-douchy\/#breadcrumb"},"inLanguage":"en-GB","potentialAction":[{"@type":"ReadAction","target":["https:\/\/nauti-club.ch\/bateaux-port-douchy\/"]}]},{"@type":"ImageObject","inLanguage":"en-GB","@id":"https:\/\/nauti-club.ch\/bateaux-port-douchy\/#primaryimage","url":"https:\/\/nauti-club.ch\/wp-content\/uploads\/2026\/01\/M19_1-300x200.jpg","contentUrl":"https:\/\/nauti-club.ch\/wp-content\/uploads\/2026\/01\/M19_1-300x200.jpg"},{"@type":"BreadcrumbList","@id":"https:\/\/nauti-club.ch\/bateaux-port-douchy\/#breadcrumb","itemListElement":[{"@type":"ListItem","position":1,"name":"Accueil","item":"https:\/\/nauti-club.ch\/"},{"@type":"ListItem","position":2,"name":"BATEAUX PORT D&rsquo;OUCHY"}]},{"@type":"WebSite","@id":"https:\/\/nauti-club.ch\/#website","url":"https:\/\/nauti-club.ch\/","name":"NAUTI-CLUB","description":"PARTAGE DE BATEAUX MOTEUR","publisher":{"@id":"https:\/\/nauti-club.ch\/#organization"},"potentialAction":[{"@type":"SearchAction","target":{"@type":"EntryPoint","urlTemplate":"https:\/\/nauti-club.ch\/?s={search_term_string}"},"query-input":{"@type":"PropertyValueSpecification","valueRequired":true,"valueName":"search_term_string"}}],"inLanguage":"en-GB"},{"@type":"Organization","@id":"https:\/\/nauti-club.ch\/#organization","name":"NAUTI-CLUB","url":"https:\/\/nauti-club.ch\/","logo":{"@type":"ImageObject","inLanguage":"en-GB","@id":"https:\/\/nauti-club.ch\/#\/schema\/logo\/image\/","url":"https:\/\/nauti-club.ch\/wp-content\/uploads\/2020\/02\/LOGO-CARRE-NAUTI-CLUB-bis.jpg","contentUrl":"https:\/\/nauti-club.ch\/wp-content\/uploads\/2020\/02\/LOGO-CARRE-NAUTI-CLUB-bis.jpg","width":557,"height":553,"caption":"NAUTI-CLUB"},"image":{"@id":"https:\/\/nauti-club.ch\/#\/schema\/logo\/image\/"}}]}},"_links":{"self":[{"href":"https:\/\/nauti-club.ch\/en\/wp-json\/wp\/v2\/pages\/29928","targetHints":{"allow":["GET"]}}],"collection":[{"href":"https:\/\/nauti-club.ch\/en\/wp-json\/wp\/v2\/pages"}],"about":[{"href":"https:\/\/nauti-club.ch\/en\/wp-json\/wp\/v2\/types\/page"}],"author":[{"embeddable":true,"href":"https:\/\/nauti-club.ch\/en\/wp-json\/wp\/v2\/users\/1"}],"replies":[{"embeddable":true,"href":"https:\/\/nauti-club.ch\/en\/wp-json\/wp\/v2\/comments?post=29928"}],"version-history":[{"count":54,"href":"https:\/\/nauti-club.ch\/en\/wp-json\/wp\/v2\/pages\/29928\/revisions"}],"predecessor-version":[{"id":30376,"href":"https:\/\/nauti-club.ch\/en\/wp-json\/wp\/v2\/pages\/29928\/revisions\/30376"}],"wp:attachment":[{"href":"https:\/\/nauti-club.ch\/en\/wp-json\/wp\/v2\/media?parent=29928"}],"curies":[{"name":"wp","href":"https:\/\/api.w.org\/{rel}","templated":true}]}}