{"id":29937,"date":"2021-02-02T10:44:15","date_gmt":"2021-02-02T09:44:15","guid":{"rendered":"https:\/\/nauti-club.ch\/?page_id=29937"},"modified":"2021-05-27T11:51:20","modified_gmt":"2021-05-27T09:51:20","slug":"bateaux-port-de-chevroux","status":"publish","type":"page","link":"https:\/\/nauti-club.ch\/en\/bateaux-port-de-chevroux\/","title":{"rendered":"CHEVROUX HARBOUR'S BOATS"},"content":{"rendered":"<p>[et_pb_section fb_built=\u00a0\u00bb1&Prime; fullwidth=\u00a0\u00bbon\u00a0\u00bb admin_label=\u00a0\u00bbSection\u00a0\u00bb _builder_version=\u00a0\u00bb3.22&Prime; custom_padding=\u00a0\u00bb0px|0px|0px|0px\u00a0\u00bb transparent_background=\u00a0\u00bboff\u00a0\u00bb make_fullwidth=\u00a0\u00bboff\u00a0\u00bb use_custom_width=\u00a0\u00bboff\u00a0\u00bb width_unit=\u00a0\u00bboff\u00a0\u00bb custom_width_px=\u00a0\u00bb1080px\u00a0\u00bb custom_width_percent=\u00a0\u00bb80%\u00a0\u00bb][et_pb_fullwidth_slider admin_label=\u00a0\u00bbCurseur de d\u00e9filement plein \u00e9cran\u00a0\u00bb _builder_version=\u00a0\u00bb4.7.7&Prime; min_height=\u00a0\u00bb399px\u00a0\u00bb custom_padding=\u00a0\u00bb20px||17px|||\u00a0\u00bb custom_padding_tablet=\u00a0\u00bb|||\u00a0\u00bb custom_padding_phone=\u00a0\u00bb|||\u00a0\u00bb remove_inner_shadow=\u00a0\u00bbon\u00a0\u00bb hide_content_on_mobile=\u00a0\u00bboff\u00a0\u00bb hide_cta_on_mobile=\u00a0\u00bboff\u00a0\u00bb show_inner_shadow=\u00a0\u00bboff\u00a0\u00bb button_letter_spacing_hover=\u00a0\u00bb0&Prime; button_text_size__hover_enabled=\u00a0\u00bboff\u00a0\u00bb button_one_text_size__hover_enabled=\u00a0\u00bboff\u00a0\u00bb button_two_text_size__hover_enabled=\u00a0\u00bboff\u00a0\u00bb button_text_color__hover_enabled=\u00a0\u00bboff\u00a0\u00bb button_one_text_color__hover_enabled=\u00a0\u00bboff\u00a0\u00bb button_two_text_color__hover_enabled=\u00a0\u00bboff\u00a0\u00bb button_border_width__hover_enabled=\u00a0\u00bboff\u00a0\u00bb button_one_border_width__hover_enabled=\u00a0\u00bboff\u00a0\u00bb button_two_border_width__hover_enabled=\u00a0\u00bboff\u00a0\u00bb button_border_color__hover_enabled=\u00a0\u00bboff\u00a0\u00bb button_one_border_color__hover_enabled=\u00a0\u00bboff\u00a0\u00bb button_two_border_color__hover_enabled=\u00a0\u00bboff\u00a0\u00bb button_border_radius__hover_enabled=\u00a0\u00bboff\u00a0\u00bb button_one_border_radius__hover_enabled=\u00a0\u00bboff\u00a0\u00bb button_two_border_radius__hover_enabled=\u00a0\u00bboff\u00a0\u00bb button_letter_spacing__hover_enabled=\u00a0\u00bbon\u00a0\u00bb button_letter_spacing__hover=\u00a0\u00bb0&Prime; button_one_letter_spacing__hover_enabled=\u00a0\u00bboff\u00a0\u00bb button_two_letter_spacing__hover_enabled=\u00a0\u00bboff\u00a0\u00bb button_bg_color__hover_enabled=\u00a0\u00bboff\u00a0\u00bb button_one_bg_color__hover_enabled=\u00a0\u00bboff\u00a0\u00bb button_two_bg_color__hover_enabled=\u00a0\u00bboff\u00a0\u00bb][et_pb_slide heading=\u00a0\u00bbPORT DE CHEVROUX\u00a0\u00bb use_bg_overlay=\u00a0\u00bbon\u00a0\u00bb bg_overlay_color=\u00a0\u00bbrgba(0,0,0,0.5)\u00a0\u00bb use_text_overlay=\u00a0\u00bboff\u00a0\u00bb _builder_version=\u00a0\u00bb4.7.7&Prime; header_font=\u00a0\u00bb||||\u00a0\u00bb header_font_size=\u00a0\u00bb85&Prime; body_font=\u00a0\u00bb||||\u00a0\u00bb body_line_height=\u00a0\u00bb1.5em\u00a0\u00bb background_color=\u00a0\u00bb#000000&Prime; use_background_color_gradient=\u00a0\u00bbon\u00a0\u00bb background_color_gradient_start=\u00a0\u00bb#0a3313&Prime; background_color_gradient_end=\u00a0\u00bb#0c71c3&Prime; background_enable_image=\u00a0\u00bboff\u00a0\u00bb custom_button=\u00a0\u00bbon\u00a0\u00bb button_text_size=\u00a0\u00bb16&Prime; button_text_color=\u00a0\u00bb#ffffff\u00a0\u00bb button_border_color=\u00a0\u00bb#ffffff\u00a0\u00bb button_font=\u00a0\u00bb||||\u00a0\u00bb button_use_icon=\u00a0\u00bboff\u00a0\u00bb header_font_size_tablet=\u00a0\u00bb80px\u00a0\u00bb header_font_size_phone=\u00a0\u00bb50px\u00a0\u00bb header_font_size_last_edited=\u00a0\u00bbon|phone\u00a0\u00bb body_font_size_tablet=\u00a0\u00bb\u00a0\u00bb body_font_size_phone=\u00a0\u00bb\u00a0\u00bb body_font_size_last_edited=\u00a0\u00bbon|tablet\u00a0\u00bb button_text_size_tablet=\u00a0\u00bb16&Prime; button_text_size_phone=\u00a0\u00bb16&Prime; button_text_color_hover=\u00a0\u00bb#666666&Prime; button_bg_color_hover=\u00a0\u00bb#ffffff\u00a0\u00bb button_text_size__hover_enabled=\u00a0\u00bboff\u00a0\u00bb button_one_text_size__hover_enabled=\u00a0\u00bboff\u00a0\u00bb button_two_text_size__hover_enabled=\u00a0\u00bboff\u00a0\u00bb button_text_color__hover_enabled=\u00a0\u00bbon\u00a0\u00bb button_text_color__hover=\u00a0\u00bb#666666&Prime; button_one_text_color__hover_enabled=\u00a0\u00bboff\u00a0\u00bb button_two_text_color__hover_enabled=\u00a0\u00bboff\u00a0\u00bb button_border_width__hover_enabled=\u00a0\u00bboff\u00a0\u00bb button_one_border_width__hover_enabled=\u00a0\u00bboff\u00a0\u00bb button_two_border_width__hover_enabled=\u00a0\u00bboff\u00a0\u00bb button_border_color__hover_enabled=\u00a0\u00bboff\u00a0\u00bb button_one_border_color__hover_enabled=\u00a0\u00bboff\u00a0\u00bb button_two_border_color__hover_enabled=\u00a0\u00bboff\u00a0\u00bb button_border_radius__hover_enabled=\u00a0\u00bboff\u00a0\u00bb button_one_border_radius__hover_enabled=\u00a0\u00bboff\u00a0\u00bb button_two_border_radius__hover_enabled=\u00a0\u00bboff\u00a0\u00bb button_letter_spacing__hover_enabled=\u00a0\u00bboff\u00a0\u00bb button_one_letter_spacing__hover_enabled=\u00a0\u00bboff\u00a0\u00bb button_two_letter_spacing__hover_enabled=\u00a0\u00bboff\u00a0\u00bb button_bg_color__hover_enabled=\u00a0\u00bbon\u00a0\u00bb button_bg_color__hover=\u00a0\u00bb#ffffff\u00a0\u00bb button_one_bg_color__hover_enabled=\u00a0\u00bboff\u00a0\u00bb button_two_bg_color__hover_enabled=\u00a0\u00bboff\u00a0\u00bb sticky_transition=\u00a0\u00bbon\u00a0\u00bb]<\/p>\n<p style=\"text-align: center;\">Situ\u00e9 \u00e0 quelques kilom\u00e8tres d&rsquo;Estavayer-le-lac,<br \/> Chevroux est l&rsquo;un des plus grands ports d&rsquo;Europe en eau ferm\u00e9e.<\/p>\n<p style=\"text-align: center;\">Sa position centrale sur le lac de Neuch\u00e2tel est id\u00e9ale<br \/> et permet de naviguer vers le nord, le sud ou l&rsquo;ouest en vue de d\u00e9couvrir plusieurs r\u00e9gions.<\/p>\n<p>[\/et_pb_slide][\/et_pb_fullwidth_slider][\/et_pb_section][et_pb_section fb_built=\u00a0\u00bb1&Prime; admin_label=\u00a0\u00bbsection\u00a0\u00bb _builder_version=\u00a0\u00bb3.22&Prime; custom_padding=\u00a0\u00bb0px|0px|0px|0px\u00a0\u00bb transparent_background=\u00a0\u00bboff\u00a0\u00bb make_fullwidth=\u00a0\u00bboff\u00a0\u00bb use_custom_width=\u00a0\u00bboff\u00a0\u00bb width_unit=\u00a0\u00bboff\u00a0\u00bb custom_width_px=\u00a0\u00bb1080px\u00a0\u00bb custom_width_percent=\u00a0\u00bb80%\u00a0\u00bb][et_pb_row column_structure=\u00a0\u00bb1_2,1_2&Prime; use_custom_gutter=\u00a0\u00bbon\u00a0\u00bb gutter_width=\u00a0\u00bb1&Prime; admin_label=\u00a0\u00bbrow\u00a0\u00bb module_class=\u00a0\u00bb et_pb_row_fullwidth\u00a0\u00bb _builder_version=\u00a0\u00bb4.2&Prime; background_size=\u00a0\u00bbinitial\u00a0\u00bb background_position=\u00a0\u00bbtop_left\u00a0\u00bb background_repeat=\u00a0\u00bbrepeat\u00a0\u00bb width=\u00a0\u00bb100%\u00a0\u00bb width_tablet=\u00a0\u00bb100%\u00a0\u00bb width_phone=\u00a0\u00bb\u00a0\u00bb width_last_edited=\u00a0\u00bbon|desktop\u00a0\u00bb max_width=\u00a0\u00bb100%\u00a0\u00bb max_width_tablet=\u00a0\u00bb100%\u00a0\u00bb max_width_phone=\u00a0\u00bb\u00a0\u00bb max_width_last_edited=\u00a0\u00bbon|desktop\u00a0\u00bb custom_padding=\u00a0\u00bb0px|0px|0px|0px\u00a0\u00bb make_fullwidth=\u00a0\u00bbon\u00a0\u00bb use_custom_width=\u00a0\u00bboff\u00a0\u00bb width_unit=\u00a0\u00bboff\u00a0\u00bb custom_width_px=\u00a0\u00bb1080px\u00a0\u00bb custom_width_percent=\u00a0\u00bb80%\u00a0\u00bb][et_pb_column type=\u00a0\u00bb1_2&Prime; _builder_version=\u00a0\u00bb3.25&Prime; custom_padding=\u00a0\u00bb|||\u00a0\u00bb custom_padding__hover=\u00a0\u00bb|||\u00a0\u00bb][et_pb_text _builder_version=\u00a0\u00bb4.7.7&Prime; min_height=\u00a0\u00bb437px\u00a0\u00bb]<\/p>\n<p style=\"text-align: center;\"><strong><span style=\"font-size: xx-large;\"><\/span><\/strong><\/p>\n<p style=\"text-align: center;\"><strong><span style=\"font-size: xx-large;\"><\/span><\/strong><\/p>\n<p style=\"text-align: center;\"><strong><span style=\"font-size: xx-large;\"><\/span><\/strong><\/p>\n<p style=\"text-align: center;\"><strong><span style=\"font-size: xx-large;\"><\/span><\/strong><\/p>\n<p style=\"text-align: center;\"><strong><span style=\"font-size: xx-large;\"><\/span><\/strong><\/p>\n<p style=\"text-align: center;\"><strong><span style=\"font-size: xx-large;\"><\/span><\/strong><\/p>\n<p style=\"text-align: center;\"><strong><span style=\"font-size: xx-large;\">BAYLINER 175br<\/span><br \/> <span style=\"font-size: xx-large;\"> POWER: 126HP<br \/> NUMBER OF PASSENGERS : 6<\/span><\/strong><\/p>\n<p style=\"text-align: center;\"><span style=\"font-size: medium;\"><strong>Boat enables you to practice simple ride<br \/> <\/strong><\/span><span style=\"font-size: medium;\"><strong>or tow a buoy. It is completed with a sun protection.<\/strong><\/span><\/p>\n<p style=\"text-align: center;\"><span style=\"font-size: medium;\"><strong>It allows you to also practice wake\/board and nautical skiing.<\/strong><\/span><\/p>\n<p style=\"text-align: center;\"><a href=\"https:\/\/nauti-club.speedydock.com\/login\" title=\"RESERVEZ-ICI\">\u00a0<\/a><span style=\"font-size: medium;\"><strong><span style=\"font-size: xx-large;\"><a href=\"https:\/\/nauti-club.speedydock.com\/login\" title=\"RESERVEZ-ICI\"><span style=\"text-decoration: underline; color: #ff0000;\">BOOK HERE<\/span><\/a><a href=\"https:\/\/nauti-club.ch\/en\/reservation-bayliner-175br\/\"><span style=\"text-decoration: underline; color: #ff0000;\"><\/span><\/a><a href=\"https:\/\/nauti-club.ch\/en\/reservation-bayliner-115cv\/\"><span style=\"text-decoration: underline; color: #ff0000;\"><\/span><\/a><\/span><\/strong><\/span><\/p>\n<p style=\"text-align: center;\"><span style=\"font-size: medium;\"><strong><\/strong><\/span><\/p>\n<p style=\"text-align: center;\"><span style=\"font-size: medium;\"><strong><\/strong><\/span><\/p>\n<p style=\"text-align: center;\"><strong><\/strong><\/p>\n<p style=\"text-align: center;\"><strong><\/strong><\/p>\n<p>[\/et_pb_text][\/et_pb_column][et_pb_column type=\u00a0\u00bb1_2&Prime; _builder_version=\u00a0\u00bb3.25&Prime; custom_padding=\u00a0\u00bb|||\u00a0\u00bb custom_padding__hover=\u00a0\u00bb|||\u00a0\u00bb][et_pb_slider _builder_version=\u00a0\u00bb4.7.7&Prime; width=\u00a0\u00bb100%\u00a0\u00bb max_width=\u00a0\u00bb100%\u00a0\u00bb min_height=\u00a0\u00bb301px\u00a0\u00bb height=\u00a0\u00bb1000px\u00a0\u00bb max_height=\u00a0\u00bb435px\u00a0\u00bb custom_padding=\u00a0\u00bb34px|||||\u00a0\u00bb][et_pb_slide heading=\u00a0\u00bbBAYLINER 175br\u00a0\u00bb _builder_version=\u00a0\u00bb4.7.7&Prime; sticky_transition=\u00a0\u00bbon\u00a0\u00bb]<\/p>\n<p><a href=\"https:\/\/nauti-club.ch\/wp-content\/uploads\/2021\/02\/BAYLINER-175BR.jpg\"><img loading=\"lazy\" decoding=\"async\" src=\"https:\/\/nauti-club.ch\/wp-content\/uploads\/2021\/02\/BAYLINER-175BR-300x200.jpg\" alt=\"\" class=\"wp-image-29944 aligncenter size-medium\" width=\"474\" height=\"316\" \/><\/a><\/p>\n<p>[\/et_pb_slide][et_pb_slide heading=\u00a0\u00bbBAYLINER 175br\u00a0\u00bb _builder_version=\u00a0\u00bb4.7.7&Prime; sticky_transition=\u00a0\u00bbon\u00a0\u00bb]<\/p>\n<p><a href=\"https:\/\/nauti-club.ch\/wp-content\/uploads\/2021\/02\/BAYLINER-175BR2.jpg\"><img loading=\"lazy\" decoding=\"async\" src=\"https:\/\/nauti-club.ch\/wp-content\/uploads\/2021\/02\/BAYLINER-175BR2-300x134.jpg\" alt=\"\" class=\"wp-image-29945 aligncenter size-medium\" width=\"826\" height=\"369\" srcset=\"https:\/\/nauti-club.ch\/wp-content\/uploads\/2021\/02\/BAYLINER-175BR2-300x134.jpg 826w, https:\/\/nauti-club.ch\/wp-content\/uploads\/2021\/02\/BAYLINER-175BR2-480x215.jpg 480w\" sizes=\"auto, (min-width: 0px) and (max-width: 480px) 480px, (min-width: 481px) 826px, 100vw\" \/><\/a><\/p>\n<p>[\/et_pb_slide][\/et_pb_slider][\/et_pb_column][\/et_pb_row][\/et_pb_section]<\/p>","protected":false},"excerpt":{"rendered":"<p>Situ\u00e9 \u00e0 quelques kilom\u00e8tres d&rsquo;Estavayer-le-lac, Chevroux est l&rsquo;un des plus grands ports d&rsquo;Europe en eau ferm\u00e9e. Sa position centrale sur le lac de Neuch\u00e2tel est id\u00e9ale et permet de naviguer vers le nord, le sud ou l&rsquo;ouest en vue de d\u00e9couvrir plusieurs r\u00e9gions. BAYLINER 175br Puissance : 126cv Nb de place : 6 Bateau permettant [&hellip;]<\/p>","protected":false},"author":1,"featured_media":0,"parent":0,"menu_order":0,"comment_status":"closed","ping_status":"closed","template":"","meta":{"_et_pb_use_builder":"on","_et_pb_old_content":"","_et_gb_content_width":"","iawp_total_views":92,"footnotes":""},"class_list":["post-29937","page","type-page","status-publish","hentry"],"yoast_head":"<!-- This site is optimized with the Yoast SEO plugin v26.8 - https:\/\/yoast.com\/product\/yoast-seo-wordpress\/ -->\n<title>BATEAUX PORT DE CHEVROUX - NAUTI-CLUB<\/title>\n<meta name=\"description\" content=\"Club de partage de bateaux moteur location bateaux moteur lausanne ouchy\" \/>\n<meta name=\"robots\" content=\"index, follow, max-snippet:-1, max-image-preview:large, max-video-preview:-1\" \/>\n<link rel=\"canonical\" href=\"https:\/\/nauti-club.ch\/en\/bateaux-port-de-chevroux\/\" \/>\n<meta property=\"og:locale\" content=\"en_GB\" \/>\n<meta property=\"og:type\" content=\"article\" \/>\n<meta property=\"og:title\" content=\"BATEAUX PORT DE CHEVROUX - NAUTI-CLUB\" \/>\n<meta property=\"og:description\" content=\"Club de partage de bateaux moteur location bateaux moteur lausanne ouchy\" \/>\n<meta property=\"og:url\" content=\"https:\/\/nauti-club.ch\/en\/bateaux-port-de-chevroux\/\" \/>\n<meta property=\"og:site_name\" content=\"NAUTI-CLUB\" \/>\n<meta property=\"article:modified_time\" content=\"2021-05-27T09:51:20+00:00\" \/>\n<meta property=\"og:image\" content=\"https:\/\/nauti-club.ch\/wp-content\/uploads\/2021\/02\/BAYLINER-175BR-300x200.jpg\" \/>\n<meta name=\"twitter:card\" content=\"summary_large_image\" \/>\n<meta name=\"twitter:label1\" content=\"Estimated reading time\" \/>\n\t<meta name=\"twitter:data1\" content=\"4 minutes\" \/>\n<script type=\"application\/ld+json\" class=\"yoast-schema-graph\">{\"@context\":\"https:\/\/schema.org\",\"@graph\":[{\"@type\":\"WebPage\",\"@id\":\"https:\/\/nauti-club.ch\/bateaux-port-de-chevroux\/\",\"url\":\"https:\/\/nauti-club.ch\/bateaux-port-de-chevroux\/\",\"name\":\"BATEAUX PORT DE CHEVROUX - NAUTI-CLUB\",\"isPartOf\":{\"@id\":\"https:\/\/nauti-club.ch\/#website\"},\"primaryImageOfPage\":{\"@id\":\"https:\/\/nauti-club.ch\/bateaux-port-de-chevroux\/#primaryimage\"},\"image\":{\"@id\":\"https:\/\/nauti-club.ch\/bateaux-port-de-chevroux\/#primaryimage\"},\"thumbnailUrl\":\"https:\/\/nauti-club.ch\/wp-content\/uploads\/2021\/02\/BAYLINER-175BR-300x200.jpg\",\"datePublished\":\"2021-02-02T09:44:15+00:00\",\"dateModified\":\"2021-05-27T09:51:20+00:00\",\"description\":\"Club de partage de bateaux moteur location bateaux moteur lausanne ouchy\",\"breadcrumb\":{\"@id\":\"https:\/\/nauti-club.ch\/bateaux-port-de-chevroux\/#breadcrumb\"},\"inLanguage\":\"en-GB\",\"potentialAction\":[{\"@type\":\"ReadAction\",\"target\":[\"https:\/\/nauti-club.ch\/bateaux-port-de-chevroux\/\"]}]},{\"@type\":\"ImageObject\",\"inLanguage\":\"en-GB\",\"@id\":\"https:\/\/nauti-club.ch\/bateaux-port-de-chevroux\/#primaryimage\",\"url\":\"https:\/\/nauti-club.ch\/wp-content\/uploads\/2021\/02\/BAYLINER-175BR-300x200.jpg\",\"contentUrl\":\"https:\/\/nauti-club.ch\/wp-content\/uploads\/2021\/02\/BAYLINER-175BR-300x200.jpg\"},{\"@type\":\"BreadcrumbList\",\"@id\":\"https:\/\/nauti-club.ch\/bateaux-port-de-chevroux\/#breadcrumb\",\"itemListElement\":[{\"@type\":\"ListItem\",\"position\":1,\"name\":\"Accueil\",\"item\":\"https:\/\/nauti-club.ch\/\"},{\"@type\":\"ListItem\",\"position\":2,\"name\":\"BATEAUX PORT DE CHEVROUX\"}]},{\"@type\":\"WebSite\",\"@id\":\"https:\/\/nauti-club.ch\/#website\",\"url\":\"https:\/\/nauti-club.ch\/\",\"name\":\"NAUTI-CLUB\",\"description\":\"PARTAGE DE BATEAUX MOTEUR\",\"publisher\":{\"@id\":\"https:\/\/nauti-club.ch\/#organization\"},\"potentialAction\":[{\"@type\":\"SearchAction\",\"target\":{\"@type\":\"EntryPoint\",\"urlTemplate\":\"https:\/\/nauti-club.ch\/?s={search_term_string}\"},\"query-input\":{\"@type\":\"PropertyValueSpecification\",\"valueRequired\":true,\"valueName\":\"search_term_string\"}}],\"inLanguage\":\"en-GB\"},{\"@type\":\"Organization\",\"@id\":\"https:\/\/nauti-club.ch\/#organization\",\"name\":\"NAUTI-CLUB\",\"url\":\"https:\/\/nauti-club.ch\/\",\"logo\":{\"@type\":\"ImageObject\",\"inLanguage\":\"en-GB\",\"@id\":\"https:\/\/nauti-club.ch\/#\/schema\/logo\/image\/\",\"url\":\"https:\/\/nauti-club.ch\/wp-content\/uploads\/2020\/02\/LOGO-CARRE-NAUTI-CLUB-bis.jpg\",\"contentUrl\":\"https:\/\/nauti-club.ch\/wp-content\/uploads\/2020\/02\/LOGO-CARRE-NAUTI-CLUB-bis.jpg\",\"width\":557,\"height\":553,\"caption\":\"NAUTI-CLUB\"},\"image\":{\"@id\":\"https:\/\/nauti-club.ch\/#\/schema\/logo\/image\/\"}}]}<\/script>\n<!-- \/ Yoast SEO plugin. -->","yoast_head_json":{"title":"BATEAUX PORT DE CHEVROUX - NAUTI-CLUB","description":"Club de partage de bateaux moteur location bateaux moteur lausanne ouchy","robots":{"index":"index","follow":"follow","max-snippet":"max-snippet:-1","max-image-preview":"max-image-preview:large","max-video-preview":"max-video-preview:-1"},"canonical":"https:\/\/nauti-club.ch\/en\/bateaux-port-de-chevroux\/","og_locale":"en_GB","og_type":"article","og_title":"BATEAUX PORT DE CHEVROUX - NAUTI-CLUB","og_description":"Club de partage de bateaux moteur location bateaux moteur lausanne ouchy","og_url":"https:\/\/nauti-club.ch\/en\/bateaux-port-de-chevroux\/","og_site_name":"NAUTI-CLUB","article_modified_time":"2021-05-27T09:51:20+00:00","og_image":[{"url":"https:\/\/nauti-club.ch\/wp-content\/uploads\/2021\/02\/BAYLINER-175BR-300x200.jpg","type":"","width":"","height":""}],"twitter_card":"summary_large_image","twitter_misc":{"Estimated reading time":"4 minutes"},"schema":{"@context":"https:\/\/schema.org","@graph":[{"@type":"WebPage","@id":"https:\/\/nauti-club.ch\/bateaux-port-de-chevroux\/","url":"https:\/\/nauti-club.ch\/bateaux-port-de-chevroux\/","name":"BATEAUX PORT DE CHEVROUX - NAUTI-CLUB","isPartOf":{"@id":"https:\/\/nauti-club.ch\/#website"},"primaryImageOfPage":{"@id":"https:\/\/nauti-club.ch\/bateaux-port-de-chevroux\/#primaryimage"},"image":{"@id":"https:\/\/nauti-club.ch\/bateaux-port-de-chevroux\/#primaryimage"},"thumbnailUrl":"https:\/\/nauti-club.ch\/wp-content\/uploads\/2021\/02\/BAYLINER-175BR-300x200.jpg","datePublished":"2021-02-02T09:44:15+00:00","dateModified":"2021-05-27T09:51:20+00:00","description":"Club de partage de bateaux moteur location bateaux moteur lausanne ouchy","breadcrumb":{"@id":"https:\/\/nauti-club.ch\/bateaux-port-de-chevroux\/#breadcrumb"},"inLanguage":"en-GB","potentialAction":[{"@type":"ReadAction","target":["https:\/\/nauti-club.ch\/bateaux-port-de-chevroux\/"]}]},{"@type":"ImageObject","inLanguage":"en-GB","@id":"https:\/\/nauti-club.ch\/bateaux-port-de-chevroux\/#primaryimage","url":"https:\/\/nauti-club.ch\/wp-content\/uploads\/2021\/02\/BAYLINER-175BR-300x200.jpg","contentUrl":"https:\/\/nauti-club.ch\/wp-content\/uploads\/2021\/02\/BAYLINER-175BR-300x200.jpg"},{"@type":"BreadcrumbList","@id":"https:\/\/nauti-club.ch\/bateaux-port-de-chevroux\/#breadcrumb","itemListElement":[{"@type":"ListItem","position":1,"name":"Accueil","item":"https:\/\/nauti-club.ch\/"},{"@type":"ListItem","position":2,"name":"BATEAUX PORT DE CHEVROUX"}]},{"@type":"WebSite","@id":"https:\/\/nauti-club.ch\/#website","url":"https:\/\/nauti-club.ch\/","name":"NAUTI-CLUB","description":"PARTAGE DE BATEAUX MOTEUR","publisher":{"@id":"https:\/\/nauti-club.ch\/#organization"},"potentialAction":[{"@type":"SearchAction","target":{"@type":"EntryPoint","urlTemplate":"https:\/\/nauti-club.ch\/?s={search_term_string}"},"query-input":{"@type":"PropertyValueSpecification","valueRequired":true,"valueName":"search_term_string"}}],"inLanguage":"en-GB"},{"@type":"Organization","@id":"https:\/\/nauti-club.ch\/#organization","name":"NAUTI-CLUB","url":"https:\/\/nauti-club.ch\/","logo":{"@type":"ImageObject","inLanguage":"en-GB","@id":"https:\/\/nauti-club.ch\/#\/schema\/logo\/image\/","url":"https:\/\/nauti-club.ch\/wp-content\/uploads\/2020\/02\/LOGO-CARRE-NAUTI-CLUB-bis.jpg","contentUrl":"https:\/\/nauti-club.ch\/wp-content\/uploads\/2020\/02\/LOGO-CARRE-NAUTI-CLUB-bis.jpg","width":557,"height":553,"caption":"NAUTI-CLUB"},"image":{"@id":"https:\/\/nauti-club.ch\/#\/schema\/logo\/image\/"}}]}},"_links":{"self":[{"href":"https:\/\/nauti-club.ch\/en\/wp-json\/wp\/v2\/pages\/29937","targetHints":{"allow":["GET"]}}],"collection":[{"href":"https:\/\/nauti-club.ch\/en\/wp-json\/wp\/v2\/pages"}],"about":[{"href":"https:\/\/nauti-club.ch\/en\/wp-json\/wp\/v2\/types\/page"}],"author":[{"embeddable":true,"href":"https:\/\/nauti-club.ch\/en\/wp-json\/wp\/v2\/users\/1"}],"replies":[{"embeddable":true,"href":"https:\/\/nauti-club.ch\/en\/wp-json\/wp\/v2\/comments?post=29937"}],"version-history":[{"count":15,"href":"https:\/\/nauti-club.ch\/en\/wp-json\/wp\/v2\/pages\/29937\/revisions"}],"predecessor-version":[{"id":30096,"href":"https:\/\/nauti-club.ch\/en\/wp-json\/wp\/v2\/pages\/29937\/revisions\/30096"}],"wp:attachment":[{"href":"https:\/\/nauti-club.ch\/en\/wp-json\/wp\/v2\/media?parent=29937"}],"curies":[{"name":"wp","href":"https:\/\/api.w.org\/{rel}","templated":true}]}}